{"id":2251,"date":"2021-06-02T13:34:22","date_gmt":"2021-06-02T13:34:22","guid":{"rendered":"https:\/\/mobles-guell.com\/blog\/"},"modified":"2022-12-28T13:10:27","modified_gmt":"2022-12-28T13:10:27","slug":"blog","status":"publish","type":"page","link":"https:\/\/mobles-guell.com\/es\/blog\/","title":{"rendered":"Blog"},"content":{"rendered":"<p>[et_pb_section fb_built=\u00bb1&#8243; admin_label=\u00bbBlog Section\u00bb _builder_version=\u00bb4.16&#8243; background_position=\u00bbtop_center\u00bb custom_padding=\u00bb100px|0px|100px|0px\u00bb global_colors_info=\u00bb{}\u00bb][et_pb_row _builder_version=\u00bb4.17.0&#8243; _module_preset=\u00bbdefault\u00bb global_colors_info=\u00bb{}\u00bb][et_pb_column type=\u00bb4_4&#8243; _builder_version=\u00bb4.17.0&#8243; _module_preset=\u00bbdefault\u00bb global_colors_info=\u00bb{}\u00bb][et_pb_text _builder_version=\u00bb4.17.0&#8243; _module_preset=\u00bbdefault\u00bb header_font=\u00bb|700|||||||\u00bb header_font_size=\u00bb43px\u00bb global_colors_info=\u00bb{}\u00bb]<\/p>\n<h1 style=\"text-align: center;\">El blog de Mobles G\u00fcell<\/h1>\n<p>[\/et_pb_text][\/et_pb_column][\/et_pb_row][et_pb_row use_custom_gutter=\u00bbon\u00bb make_equal=\u00bbon\u00bb _builder_version=\u00bb4.16&#8243; _module_preset=\u00bbdefault\u00bb width=\u00bb85%\u00bb max_width=\u00bb90%\u00bb module_alignment=\u00bbcenter\u00bb global_colors_info=\u00bb{}\u00bb][et_pb_column type=\u00bb4_4&#8243; _builder_version=\u00bb4.16&#8243; _module_preset=\u00bbdefault\u00bb global_colors_info=\u00bb{}\u00bb][et_pb_blog fullwidth=\u00bboff\u00bb posts_number=\u00bb100000&#8243; include_categories=\u00bball\u00bb excerpt_length=\u00bb200&#8243; show_more=\u00bbon\u00bb show_author=\u00bboff\u00bb show_categories=\u00bboff\u00bb module_class=\u00bbet_blog_grid_equal_height\u00bb _builder_version=\u00bb4.18.0&#8243; _module_preset=\u00bbdefault\u00bb read_more_font=\u00bb|600|||||||\u00bb hover_enabled=\u00bb0&#8243; global_colors_info=\u00bb{}\u00bb show_pagination=\u00bboff\u00bb sticky_enabled=\u00bb0&#8243;][\/et_pb_blog][\/et_pb_column][\/et_pb_row][et_pb_row column_structure=\u00bb3_5,2_5&#8243; use_custom_gutter=\u00bbon\u00bb make_equal=\u00bbon\u00bb disabled_on=\u00bbon|on|on\u00bb admin_label=\u00bbBlog Posts Row\u00bb _builder_version=\u00bb4.16&#8243; width=\u00bb85%\u00bb max_width=\u00bb90%\u00bb module_alignment=\u00bbcenter\u00bb disabled=\u00bbon\u00bb global_colors_info=\u00bb{}\u00bb][et_pb_column type=\u00bb3_5&#8243; _builder_version=\u00bb4.16&#8243; custom_padding=\u00bb|||\u00bb global_colors_info=\u00bb{}\u00bb custom_padding__hover=\u00bb|||\u00bb][et_pb_blog posts_number=\u00bb100&#8243; include_categories=\u00bb117&#8243; show_author=\u00bboff\u00bb show_date=\u00bboff\u00bb show_categories=\u00bboff\u00bb _builder_version=\u00bb4.16&#8243; header_level=\u00bbh4&#8243; header_font=\u00bbMuli|600|||||||\u00bb header_font_size=\u00bb18px\u00bb header_line_height=\u00bb1.4em\u00bb body_font=\u00bbMuli||||||||\u00bb body_font_size=\u00bb16px\u00bb body_line_height=\u00bb1.8em\u00bb meta_font=\u00bbMuli|600|||||||\u00bb meta_text_color=\u00bbrgba(0,0,0,0.3)\u00bb meta_font_size=\u00bb14px\u00bb read_more_font=\u00bb|||on|||||\u00bb pagination_font=\u00bb|700|||||||\u00bb pagination_text_color=\u00bb#f4583f\u00bb border_width_all=\u00bb0px\u00bb global_colors_info=\u00bb{}\u00bb][\/et_pb_blog][\/et_pb_column][et_pb_column type=\u00bb2_5&#8243; _builder_version=\u00bb4.16&#8243; custom_padding=\u00bb|||\u00bb global_colors_info=\u00bb{}\u00bb custom_padding__hover=\u00bb|||\u00bb][et_pb_sidebar _builder_version=\u00bb4.16&#8243; _module_preset=\u00bbdefault\u00bb global_colors_info=\u00bb{}\u00bb][\/et_pb_sidebar][\/et_pb_column][\/et_pb_row][\/et_pb_section]<\/p>\n","protected":false},"excerpt":{"rendered":"<p>El blog de Mobles G\u00fcell<\/p>\n","protected":false},"author":2,"featured_media":1738,"parent":0,"menu_order":0,"comment_status":"closed","ping_status":"closed","template":"","meta":{"_et_pb_use_builder":"on","_et_pb_old_content":"","_et_gb_content_width":"","inline_featured_image":false,"_joinchat":[],"footnotes":""},"class_list":["post-2251","page","type-page","status-publish","has-post-thumbnail","hentry"],"yoast_head":"<!-- This site is optimized with the Yoast SEO plugin v25.8 - https:\/\/yoast.com\/wordpress\/plugins\/seo\/ -->\n<title>Blog: Interiorismo 100%. Tips y mucho m\u00e1s | Mobles Guell<\/title>\n<meta name=\"description\" content=\"En nuestro blog encontrar\u00e1s desde consejos de c\u00f3mo elegir un mueble, ideas, noticias del sector y m\u00e1s. Interiorismo en estado puro\" \/>\n<meta name=\"robots\" content=\"index, follow, max-snippet:-1, max-image-preview:large, max-video-preview:-1\" \/>\n<link rel=\"canonical\" href=\"https:\/\/mobles-guell.com\/blog\/\" \/>\n<meta property=\"og:locale\" content=\"es_ES\" \/>\n<meta property=\"og:type\" content=\"article\" \/>\n<meta property=\"og:title\" content=\"Blog: Interiorismo 100%. Tips y mucho m\u00e1s | Mobles Guell\" \/>\n<meta property=\"og:description\" content=\"En nuestro blog encontrar\u00e1s desde consejos de c\u00f3mo elegir un mueble, ideas, noticias del sector y m\u00e1s. Interiorismo en estado puro\" \/>\n<meta property=\"og:url\" content=\"https:\/\/mobles-guell.com\/blog\/\" \/>\n<meta property=\"og:site_name\" content=\"Mobles Guell\" \/>\n<meta property=\"article:modified_time\" content=\"2022-12-28T13:10:27+00:00\" \/>\n<meta property=\"og:image\" content=\"https:\/\/mobles-guell.com\/wp-content\/uploads\/2021\/06\/MG-icono_formulari.png\" \/>\n\t<meta property=\"og:image:width\" content=\"150\" \/>\n\t<meta property=\"og:image:height\" content=\"150\" \/>\n\t<meta property=\"og:image:type\" content=\"image\/png\" \/>\n<meta name=\"twitter:card\" content=\"summary_large_image\" \/>\n<meta name=\"twitter:label1\" content=\"Tiempo de lectura\" \/>\n\t<meta name=\"twitter:data1\" content=\"1 minuto\" \/>\n<script type=\"application\/ld+json\" class=\"yoast-schema-graph\">{\"@context\":\"https:\/\/schema.org\",\"@graph\":[{\"@type\":\"WebPage\",\"@id\":\"https:\/\/mobles-guell.com\/blog\/\",\"url\":\"https:\/\/mobles-guell.com\/blog\/\",\"name\":\"Blog: Interiorismo 100%. Tips y mucho m\u00e1s | Mobles Guell\",\"isPartOf\":{\"@id\":\"https:\/\/mobles-guell.com\/es\/#website\"},\"primaryImageOfPage\":{\"@id\":\"https:\/\/mobles-guell.com\/blog\/#primaryimage\"},\"image\":{\"@id\":\"https:\/\/mobles-guell.com\/blog\/#primaryimage\"},\"thumbnailUrl\":\"https:\/\/mobles-guell.com\/wp-content\/uploads\/2021\/06\/MG-icono_formulari.png\",\"datePublished\":\"2021-06-02T13:34:22+00:00\",\"dateModified\":\"2022-12-28T13:10:27+00:00\",\"description\":\"En nuestro blog encontrar\u00e1s desde consejos de c\u00f3mo elegir un mueble, ideas, noticias del sector y m\u00e1s. Interiorismo en estado puro\",\"breadcrumb\":{\"@id\":\"https:\/\/mobles-guell.com\/blog\/#breadcrumb\"},\"inLanguage\":\"es\",\"potentialAction\":[{\"@type\":\"ReadAction\",\"target\":[\"https:\/\/mobles-guell.com\/blog\/\"]}]},{\"@type\":\"ImageObject\",\"inLanguage\":\"es\",\"@id\":\"https:\/\/mobles-guell.com\/blog\/#primaryimage\",\"url\":\"https:\/\/mobles-guell.com\/wp-content\/uploads\/2021\/06\/MG-icono_formulari.png\",\"contentUrl\":\"https:\/\/mobles-guell.com\/wp-content\/uploads\/2021\/06\/MG-icono_formulari.png\",\"width\":150,\"height\":150,\"caption\":\"El Blog de Mobles G\u00fcell\"},{\"@type\":\"BreadcrumbList\",\"@id\":\"https:\/\/mobles-guell.com\/blog\/#breadcrumb\",\"itemListElement\":[{\"@type\":\"ListItem\",\"position\":1,\"name\":\"Portada\",\"item\":\"https:\/\/mobles-guell.com\/\"},{\"@type\":\"ListItem\",\"position\":2,\"name\":\"Blog\"}]},{\"@type\":\"WebSite\",\"@id\":\"https:\/\/mobles-guell.com\/es\/#website\",\"url\":\"https:\/\/mobles-guell.com\/es\/\",\"name\":\"Mobles Guell\",\"description\":\"Els millors Mobles a Tarragona\",\"potentialAction\":[{\"@type\":\"SearchAction\",\"target\":{\"@type\":\"EntryPoint\",\"urlTemplate\":\"https:\/\/mobles-guell.com\/es\/?s={search_term_string}\"},\"query-input\":{\"@type\":\"PropertyValueSpecification\",\"valueRequired\":true,\"valueName\":\"search_term_string\"}}],\"inLanguage\":\"es\"}]}<\/script>\n<!-- \/ Yoast SEO plugin. -->","yoast_head_json":{"title":"Blog: Interiorismo 100%. Tips y mucho m\u00e1s | Mobles Guell","description":"En nuestro blog encontrar\u00e1s desde consejos de c\u00f3mo elegir un mueble, ideas, noticias del sector y m\u00e1s. Interiorismo en estado puro","robots":{"index":"index","follow":"follow","max-snippet":"max-snippet:-1","max-image-preview":"max-image-preview:large","max-video-preview":"max-video-preview:-1"},"canonical":"https:\/\/mobles-guell.com\/blog\/","og_locale":"es_ES","og_type":"article","og_title":"Blog: Interiorismo 100%. Tips y mucho m\u00e1s | Mobles Guell","og_description":"En nuestro blog encontrar\u00e1s desde consejos de c\u00f3mo elegir un mueble, ideas, noticias del sector y m\u00e1s. Interiorismo en estado puro","og_url":"https:\/\/mobles-guell.com\/blog\/","og_site_name":"Mobles Guell","article_modified_time":"2022-12-28T13:10:27+00:00","og_image":[{"width":150,"height":150,"url":"https:\/\/mobles-guell.com\/wp-content\/uploads\/2021\/06\/MG-icono_formulari.png","type":"image\/png"}],"twitter_card":"summary_large_image","twitter_misc":{"Tiempo de lectura":"1 minuto"},"schema":{"@context":"https:\/\/schema.org","@graph":[{"@type":"WebPage","@id":"https:\/\/mobles-guell.com\/blog\/","url":"https:\/\/mobles-guell.com\/blog\/","name":"Blog: Interiorismo 100%. Tips y mucho m\u00e1s | Mobles Guell","isPartOf":{"@id":"https:\/\/mobles-guell.com\/es\/#website"},"primaryImageOfPage":{"@id":"https:\/\/mobles-guell.com\/blog\/#primaryimage"},"image":{"@id":"https:\/\/mobles-guell.com\/blog\/#primaryimage"},"thumbnailUrl":"https:\/\/mobles-guell.com\/wp-content\/uploads\/2021\/06\/MG-icono_formulari.png","datePublished":"2021-06-02T13:34:22+00:00","dateModified":"2022-12-28T13:10:27+00:00","description":"En nuestro blog encontrar\u00e1s desde consejos de c\u00f3mo elegir un mueble, ideas, noticias del sector y m\u00e1s. Interiorismo en estado puro","breadcrumb":{"@id":"https:\/\/mobles-guell.com\/blog\/#breadcrumb"},"inLanguage":"es","potentialAction":[{"@type":"ReadAction","target":["https:\/\/mobles-guell.com\/blog\/"]}]},{"@type":"ImageObject","inLanguage":"es","@id":"https:\/\/mobles-guell.com\/blog\/#primaryimage","url":"https:\/\/mobles-guell.com\/wp-content\/uploads\/2021\/06\/MG-icono_formulari.png","contentUrl":"https:\/\/mobles-guell.com\/wp-content\/uploads\/2021\/06\/MG-icono_formulari.png","width":150,"height":150,"caption":"El Blog de Mobles G\u00fcell"},{"@type":"BreadcrumbList","@id":"https:\/\/mobles-guell.com\/blog\/#breadcrumb","itemListElement":[{"@type":"ListItem","position":1,"name":"Portada","item":"https:\/\/mobles-guell.com\/"},{"@type":"ListItem","position":2,"name":"Blog"}]},{"@type":"WebSite","@id":"https:\/\/mobles-guell.com\/es\/#website","url":"https:\/\/mobles-guell.com\/es\/","name":"Mobles Guell","description":"Els millors Mobles a Tarragona","potentialAction":[{"@type":"SearchAction","target":{"@type":"EntryPoint","urlTemplate":"https:\/\/mobles-guell.com\/es\/?s={search_term_string}"},"query-input":{"@type":"PropertyValueSpecification","valueRequired":true,"valueName":"search_term_string"}}],"inLanguage":"es"}]}},"_links":{"self":[{"href":"https:\/\/mobles-guell.com\/es\/wp-json\/wp\/v2\/pages\/2251","targetHints":{"allow":["GET"]}}],"collection":[{"href":"https:\/\/mobles-guell.com\/es\/wp-json\/wp\/v2\/pages"}],"about":[{"href":"https:\/\/mobles-guell.com\/es\/wp-json\/wp\/v2\/types\/page"}],"author":[{"embeddable":true,"href":"https:\/\/mobles-guell.com\/es\/wp-json\/wp\/v2\/users\/2"}],"replies":[{"embeddable":true,"href":"https:\/\/mobles-guell.com\/es\/wp-json\/wp\/v2\/comments?post=2251"}],"version-history":[{"count":0,"href":"https:\/\/mobles-guell.com\/es\/wp-json\/wp\/v2\/pages\/2251\/revisions"}],"wp:featuredmedia":[{"embeddable":true,"href":"https:\/\/mobles-guell.com\/es\/wp-json\/wp\/v2\/media\/1738"}],"wp:attachment":[{"href":"https:\/\/mobles-guell.com\/es\/wp-json\/wp\/v2\/media?parent=2251"}],"curies":[{"name":"wp","href":"https:\/\/api.w.org\/{rel}","templated":true}]}}