{"id":2301,"date":"2021-06-02T08:19:23","date_gmt":"2021-06-02T08:19:23","guid":{"rendered":"https:\/\/mobles-guell.com\/marques-de-mobles\/"},"modified":"2024-09-13T08:41:32","modified_gmt":"2024-09-13T08:41:32","slug":"marcas-de-muebles","status":"publish","type":"page","link":"https:\/\/mobles-guell.com\/es\/marcas-de-muebles\/","title":{"rendered":"Marcas de Muebles"},"content":{"rendered":"<p>[et_pb_section fb_built=\u00bb1&#8243; admin_label=\u00bbHeader Section\u00bb _builder_version=\u00bb4.17.4&#8243; use_background_color_gradient=\u00bbon\u00bb background_color_gradient_stops=\u00bbrgba(233,240,246,0.2) 16%|#e9f0f6 100%\u00bb background_color_gradient_overlays_image=\u00bbon\u00bb background_color_gradient_start=\u00bb#e9f0f6&#8243; background_color_gradient_end=\u00bbrgba(233,240,246,0.2)\u00bb background_image=\u00bbhttps:\/\/mobles-guell.com\/wp-content\/uploads\/2022\/03\/Captura-de-pantalla-2020-02-26-a-las-12.41.55-400&#215;284-1.png\u00bb custom_margin=\u00bb|||\u00bb custom_padding=\u00bb10%||8.9%|||\u00bb locked=\u00bboff\u00bb global_colors_info=\u00bb{}\u00bb][et_pb_row custom_padding_last_edited=\u00bbon|phone\u00bb admin_label=\u00bbHeader Row\u00bb _builder_version=\u00bb4.16&#8243; custom_margin=\u00bb|||\u00bb custom_padding=\u00bb|||\u00bb custom_padding_tablet=\u00bb\u00bb custom_padding_phone=\u00bb3vw|||\u00bb global_colors_info=\u00bb{}\u00bb][et_pb_column type=\u00bb4_4&#8243; _builder_version=\u00bb4.16&#8243; custom_padding=\u00bb|||\u00bb global_colors_info=\u00bb{}\u00bb custom_padding__hover=\u00bb|||\u00bb][et_pb_cta title=\u00bbNUESTRAS MARCAS DE MUEBLES\u00bb button_url=\u00bb#top\u00bb admin_label=\u00bbHeading, Subheading &#038; Button\u00bb _builder_version=\u00bb4.16&#8243; header_level=\u00bbh1&#8243; header_font=\u00bb|700||on|||||\u00bb header_font_size=\u00bb69px\u00bb header_line_height=\u00bb1.4em\u00bb body_font=\u00bbMuli|600|||||||\u00bb body_font_size=\u00bb18px\u00bb body_line_height=\u00bb1.8em\u00bb use_background_color=\u00bboff\u00bb custom_button=\u00bbon\u00bb button_text_size=\u00bb16px\u00bb button_text_color=\u00bb#FFFFFF\u00bb button_bg_color=\u00bb#F3912D\u00bb button_border_width=\u00bb10px\u00bb button_border_color=\u00bbrgba(244,88,63,0)\u00bb button_border_radius=\u00bb0px\u00bb button_font=\u00bb|700|||||||\u00bb button_use_icon=\u00bboff\u00bb background_layout=\u00bblight\u00bb max_width=\u00bb800px\u00bb module_alignment=\u00bbcenter\u00bb custom_margin=\u00bb|||\u00bb custom_margin_tablet=\u00bb3vw||3vw|\u00bb custom_margin_phone=\u00bb|||\u00bb custom_margin_last_edited=\u00bboff|desktop\u00bb animation_style=\u00bbfade\u00bb header_font_size_tablet=\u00bb\u00bb header_font_size_phone=\u00bb50px\u00bb header_font_size_last_edited=\u00bbon|phone\u00bb button_text_color_hover=\u00bb#ffffff\u00bb button_border_color_hover=\u00bbrgba(244,88,63,0)\u00bb button_border_radius_hover=\u00bb0px\u00bb button_bg_color_hover=\u00bb#f4583f\u00bb global_colors_info=\u00bb{}\u00bb button_text_size__hover_enabled=\u00bboff\u00bb button_one_text_size__hover_enabled=\u00bboff\u00bb button_two_text_size__hover_enabled=\u00bboff\u00bb button_text_color__hover_enabled=\u00bbon|hover\u00bb button_text_color__hover=\u00bb#ffffff\u00bb button_one_text_color__hover_enabled=\u00bboff\u00bb button_two_text_color__hover_enabled=\u00bboff\u00bb button_border_width__hover_enabled=\u00bboff\u00bb button_one_border_width__hover_enabled=\u00bboff\u00bb button_two_border_width__hover_enabled=\u00bboff\u00bb button_border_color__hover_enabled=\u00bbon\u00bb button_border_color__hover=\u00bbrgba(244,88,63,0)\u00bb button_one_border_color__hover_enabled=\u00bboff\u00bb button_two_border_color__hover_enabled=\u00bboff\u00bb button_border_radius__hover_enabled=\u00bbon\u00bb button_border_radius__hover=\u00bb0px\u00bb button_one_border_radius__hover_enabled=\u00bboff\u00bb button_two_border_radius__hover_enabled=\u00bboff\u00bb button_letter_spacing__hover_enabled=\u00bboff\u00bb button_one_letter_spacing__hover_enabled=\u00bboff\u00bb button_two_letter_spacing__hover_enabled=\u00bboff\u00bb button_bg_color__hover_enabled=\u00bbon\u00bb button_bg_color__hover=\u00bbrgba(243,145,45,0.8)\u00bb button_one_bg_color__hover_enabled=\u00bboff\u00bb button_two_bg_color__hover_enabled=\u00bboff\u00bb button_bg_enable_color__hover=\u00bbon\u00bb]<\/p>\n<p><span><\/span><\/p>\n<p>[\/et_pb_cta][et_pb_text _builder_version=\u00bb4.26.0&#8243; _module_preset=\u00bbdefault\u00bb text_font=\u00bbPoppins||||||||\u00bb text_text_color=\u00bb#000000&#8243; text_font_size=\u00bb17px\u00bb text_line_height=\u00bb1.8em\u00bb custom_margin=\u00bb|||-2px||\u00bb custom_padding=\u00bb|0px||50px||\u00bb hover_enabled=\u00bb0&#8243; global_colors_info=\u00bb{}\u00bb sticky_enabled=\u00bb0&#8243;]<\/p>\n<p style=\"text-align: center;\">En nuestra <strong><a href=\"\/es\/exposicion-de-muebles\/\">exposici\u00f3n de muebles<\/a><\/strong>, tanto en la tienda de <strong><a href=\"\/es\/\">muebles en Tarragona<\/a><\/strong> como en la<strong><a href=\"\/es\/nus-mobles\/\"> tienda de muebles de El Vendrell<\/a><\/strong>, podr\u00e1n encontrar una gran selecci\u00f3n de <strong><a href=\"\/es\/muebles-en-tarragona\/\">muebles en Tarragona<\/a><\/strong> con las mejores marcas de muebles del sector. Contamos con m\u00e1s de 50 marcas de todo tipo de mobiliario. Desde <strong><a href=\"\/es\/muebles-en-tarragona\/muebles-de-comedor\/\">muebles de comedor<\/a><\/strong> como <strong><a href=\"\/es\/project\/mejores-marcas-de-muebles-olut\/\">Olut<\/a><\/strong> o <strong><a href=\"\/es\/project\/mejores-marcas-de-muebles-loyra-time\/\">Loyra Time<\/a><\/strong> hasta <strong><a href=\"\/es\/muebles-en-tarragona\/sofas-y-butacas\/\">sof\u00e1s y butacas<\/a><\/strong> como Grassoler o Polo Divani.<\/p>\n<p>[\/et_pb_text][\/et_pb_column][\/et_pb_row][\/et_pb_section][et_pb_section fb_built=\u00bb1&#8243; _builder_version=\u00bb4.16&#8243; _module_preset=\u00bbdefault\u00bb global_colors_info=\u00bb{}\u00bb][et_pb_row _builder_version=\u00bb4.16&#8243; _module_preset=\u00bbdefault\u00bb width=\u00bb100%\u00bb max_width=\u00bb100%\u00bb global_colors_info=\u00bb{}\u00bb][et_pb_column type=\u00bb4_4&#8243; _builder_version=\u00bb4.16&#8243; _module_preset=\u00bbdefault\u00bb global_colors_info=\u00bb{}\u00bb][et_pb_filterable_portfolio fullwidth=\u00bboff\u00bb posts_number=\u00bb1000&#8243; include_categories=\u00bb3,17,18,19,4,5,20,21,6,22,23,24,25,26,7,27,8,28,29,9,10,11,30,12,31,13,14,15,32,33,16&#8243; show_categories=\u00bboff\u00bb show_pagination=\u00bboff\u00bb _builder_version=\u00bb4.16&#8243; _module_preset=\u00bbdefault\u00bb custom_padding=\u00bb0px||0px|60px|true|false\u00bb global_colors_info=\u00bb{}\u00bb][\/et_pb_filterable_portfolio][\/et_pb_column][\/et_pb_row][\/et_pb_section]<\/p>\n","protected":false},"excerpt":{"rendered":"<p>En nuestra exposici\u00f3n de muebles, tanto en la tienda de muebles en Tarragona como en la tienda de muebles de El Vendrell, podr\u00e1n encontrar una gran selecci\u00f3n de muebles en Tarragona con las mejores marcas de muebles del sector. Contamos con m\u00e1s de 50 marcas de todo tipo de mobiliario. Desde muebles de comedor como [&hellip;]<\/p>\n","protected":false},"author":2,"featured_media":1484,"parent":0,"menu_order":0,"comment_status":"closed","ping_status":"closed","template":"","meta":{"_et_pb_use_builder":"on","_et_pb_old_content":"","_et_gb_content_width":"","inline_featured_image":false,"_joinchat":[],"footnotes":""},"class_list":["post-2301","page","type-page","status-publish","has-post-thumbnail","hentry"],"yoast_head":"<!-- This site is optimized with the Yoast SEO plugin v25.8 - https:\/\/yoast.com\/wordpress\/plugins\/seo\/ -->\n<title>Las mejores marcas de muebles del sector mobiliario - Mobles Guell<\/title>\n<meta name=\"description\" content=\"En Mobles G\u00fcell y Nus Mobles tenemos las mejores marcas de muebles del sector. M\u00e1s de 50 marcas d\u00f3nde escojer. \u00bfQuieres saber cu\u00e1les son?\" \/>\n<meta name=\"robots\" content=\"index, follow, max-snippet:-1, max-image-preview:large, max-video-preview:-1\" \/>\n<link rel=\"canonical\" href=\"https:\/\/mobles-guell.com\/marques-de-mobles\/\" \/>\n<meta property=\"og:locale\" content=\"es_ES\" \/>\n<meta property=\"og:type\" content=\"article\" \/>\n<meta property=\"og:title\" content=\"Las mejores marcas de muebles del sector mobiliario - Mobles Guell\" \/>\n<meta property=\"og:description\" content=\"En Mobles G\u00fcell y Nus Mobles tenemos las mejores marcas de muebles del sector. M\u00e1s de 50 marcas d\u00f3nde escojer. \u00bfQuieres saber cu\u00e1les son?\" \/>\n<meta property=\"og:url\" content=\"https:\/\/mobles-guell.com\/marques-de-mobles\/\" \/>\n<meta property=\"og:site_name\" content=\"Mobles Guell\" \/>\n<meta property=\"article:modified_time\" content=\"2024-09-13T08:41:32+00:00\" \/>\n<meta property=\"og:image\" content=\"https:\/\/mobles-guell.com\/wp-content\/uploads\/2021\/06\/casadesus1-thumbnail.png\" \/>\n\t<meta property=\"og:image:width\" content=\"400\" \/>\n\t<meta property=\"og:image:height\" content=\"349\" \/>\n\t<meta property=\"og:image:type\" content=\"image\/png\" \/>\n<meta name=\"twitter:card\" content=\"summary_large_image\" \/>\n<meta name=\"twitter:label1\" content=\"Tiempo de lectura\" \/>\n\t<meta name=\"twitter:data1\" content=\"1 minuto\" \/>\n<script type=\"application\/ld+json\" class=\"yoast-schema-graph\">{\"@context\":\"https:\/\/schema.org\",\"@graph\":[{\"@type\":\"WebPage\",\"@id\":\"https:\/\/mobles-guell.com\/marques-de-mobles\/\",\"url\":\"https:\/\/mobles-guell.com\/marques-de-mobles\/\",\"name\":\"Las mejores marcas de muebles del sector mobiliario - Mobles Guell\",\"isPartOf\":{\"@id\":\"https:\/\/mobles-guell.com\/es\/#website\"},\"primaryImageOfPage\":{\"@id\":\"https:\/\/mobles-guell.com\/marques-de-mobles\/#primaryimage\"},\"image\":{\"@id\":\"https:\/\/mobles-guell.com\/marques-de-mobles\/#primaryimage\"},\"thumbnailUrl\":\"https:\/\/mobles-guell.com\/wp-content\/uploads\/2021\/06\/casadesus1-thumbnail.png\",\"datePublished\":\"2021-06-02T08:19:23+00:00\",\"dateModified\":\"2024-09-13T08:41:32+00:00\",\"description\":\"En Mobles G\u00fcell y Nus Mobles tenemos las mejores marcas de muebles del sector. M\u00e1s de 50 marcas d\u00f3nde escojer. \u00bfQuieres saber cu\u00e1les son?\",\"breadcrumb\":{\"@id\":\"https:\/\/mobles-guell.com\/marques-de-mobles\/#breadcrumb\"},\"inLanguage\":\"es\",\"potentialAction\":[{\"@type\":\"ReadAction\",\"target\":[\"https:\/\/mobles-guell.com\/marques-de-mobles\/\"]}]},{\"@type\":\"ImageObject\",\"inLanguage\":\"es\",\"@id\":\"https:\/\/mobles-guell.com\/marques-de-mobles\/#primaryimage\",\"url\":\"https:\/\/mobles-guell.com\/wp-content\/uploads\/2021\/06\/casadesus1-thumbnail.png\",\"contentUrl\":\"https:\/\/mobles-guell.com\/wp-content\/uploads\/2021\/06\/casadesus1-thumbnail.png\",\"width\":400,\"height\":349,\"caption\":\"Casades\u00fas | Marques de mobles de Mobles G\u00fcell\"},{\"@type\":\"BreadcrumbList\",\"@id\":\"https:\/\/mobles-guell.com\/marques-de-mobles\/#breadcrumb\",\"itemListElement\":[{\"@type\":\"ListItem\",\"position\":1,\"name\":\"Portada\",\"item\":\"https:\/\/mobles-guell.com\/\"},{\"@type\":\"ListItem\",\"position\":2,\"name\":\"Marcas de Muebles\"}]},{\"@type\":\"WebSite\",\"@id\":\"https:\/\/mobles-guell.com\/es\/#website\",\"url\":\"https:\/\/mobles-guell.com\/es\/\",\"name\":\"Mobles Guell\",\"description\":\"Els millors Mobles a Tarragona\",\"potentialAction\":[{\"@type\":\"SearchAction\",\"target\":{\"@type\":\"EntryPoint\",\"urlTemplate\":\"https:\/\/mobles-guell.com\/es\/?s={search_term_string}\"},\"query-input\":{\"@type\":\"PropertyValueSpecification\",\"valueRequired\":true,\"valueName\":\"search_term_string\"}}],\"inLanguage\":\"es\"}]}<\/script>\n<!-- \/ Yoast SEO plugin. -->","yoast_head_json":{"title":"Las mejores marcas de muebles del sector mobiliario - Mobles Guell","description":"En Mobles G\u00fcell y Nus Mobles tenemos las mejores marcas de muebles del sector. M\u00e1s de 50 marcas d\u00f3nde escojer. \u00bfQuieres saber cu\u00e1les son?","robots":{"index":"index","follow":"follow","max-snippet":"max-snippet:-1","max-image-preview":"max-image-preview:large","max-video-preview":"max-video-preview:-1"},"canonical":"https:\/\/mobles-guell.com\/marques-de-mobles\/","og_locale":"es_ES","og_type":"article","og_title":"Las mejores marcas de muebles del sector mobiliario - Mobles Guell","og_description":"En Mobles G\u00fcell y Nus Mobles tenemos las mejores marcas de muebles del sector. M\u00e1s de 50 marcas d\u00f3nde escojer. \u00bfQuieres saber cu\u00e1les son?","og_url":"https:\/\/mobles-guell.com\/marques-de-mobles\/","og_site_name":"Mobles Guell","article_modified_time":"2024-09-13T08:41:32+00:00","og_image":[{"width":400,"height":349,"url":"https:\/\/mobles-guell.com\/wp-content\/uploads\/2021\/06\/casadesus1-thumbnail.png","type":"image\/png"}],"twitter_card":"summary_large_image","twitter_misc":{"Tiempo de lectura":"1 minuto"},"schema":{"@context":"https:\/\/schema.org","@graph":[{"@type":"WebPage","@id":"https:\/\/mobles-guell.com\/marques-de-mobles\/","url":"https:\/\/mobles-guell.com\/marques-de-mobles\/","name":"Las mejores marcas de muebles del sector mobiliario - Mobles Guell","isPartOf":{"@id":"https:\/\/mobles-guell.com\/es\/#website"},"primaryImageOfPage":{"@id":"https:\/\/mobles-guell.com\/marques-de-mobles\/#primaryimage"},"image":{"@id":"https:\/\/mobles-guell.com\/marques-de-mobles\/#primaryimage"},"thumbnailUrl":"https:\/\/mobles-guell.com\/wp-content\/uploads\/2021\/06\/casadesus1-thumbnail.png","datePublished":"2021-06-02T08:19:23+00:00","dateModified":"2024-09-13T08:41:32+00:00","description":"En Mobles G\u00fcell y Nus Mobles tenemos las mejores marcas de muebles del sector. M\u00e1s de 50 marcas d\u00f3nde escojer. \u00bfQuieres saber cu\u00e1les son?","breadcrumb":{"@id":"https:\/\/mobles-guell.com\/marques-de-mobles\/#breadcrumb"},"inLanguage":"es","potentialAction":[{"@type":"ReadAction","target":["https:\/\/mobles-guell.com\/marques-de-mobles\/"]}]},{"@type":"ImageObject","inLanguage":"es","@id":"https:\/\/mobles-guell.com\/marques-de-mobles\/#primaryimage","url":"https:\/\/mobles-guell.com\/wp-content\/uploads\/2021\/06\/casadesus1-thumbnail.png","contentUrl":"https:\/\/mobles-guell.com\/wp-content\/uploads\/2021\/06\/casadesus1-thumbnail.png","width":400,"height":349,"caption":"Casades\u00fas | Marques de mobles de Mobles G\u00fcell"},{"@type":"BreadcrumbList","@id":"https:\/\/mobles-guell.com\/marques-de-mobles\/#breadcrumb","itemListElement":[{"@type":"ListItem","position":1,"name":"Portada","item":"https:\/\/mobles-guell.com\/"},{"@type":"ListItem","position":2,"name":"Marcas de Muebles"}]},{"@type":"WebSite","@id":"https:\/\/mobles-guell.com\/es\/#website","url":"https:\/\/mobles-guell.com\/es\/","name":"Mobles Guell","description":"Els millors Mobles a Tarragona","potentialAction":[{"@type":"SearchAction","target":{"@type":"EntryPoint","urlTemplate":"https:\/\/mobles-guell.com\/es\/?s={search_term_string}"},"query-input":{"@type":"PropertyValueSpecification","valueRequired":true,"valueName":"search_term_string"}}],"inLanguage":"es"}]}},"_links":{"self":[{"href":"https:\/\/mobles-guell.com\/es\/wp-json\/wp\/v2\/pages\/2301","targetHints":{"allow":["GET"]}}],"collection":[{"href":"https:\/\/mobles-guell.com\/es\/wp-json\/wp\/v2\/pages"}],"about":[{"href":"https:\/\/mobles-guell.com\/es\/wp-json\/wp\/v2\/types\/page"}],"author":[{"embeddable":true,"href":"https:\/\/mobles-guell.com\/es\/wp-json\/wp\/v2\/users\/2"}],"replies":[{"embeddable":true,"href":"https:\/\/mobles-guell.com\/es\/wp-json\/wp\/v2\/comments?post=2301"}],"version-history":[{"count":0,"href":"https:\/\/mobles-guell.com\/es\/wp-json\/wp\/v2\/pages\/2301\/revisions"}],"wp:featuredmedia":[{"embeddable":true,"href":"https:\/\/mobles-guell.com\/es\/wp-json\/wp\/v2\/media\/1484"}],"wp:attachment":[{"href":"https:\/\/mobles-guell.com\/es\/wp-json\/wp\/v2\/media?parent=2301"}],"curies":[{"name":"wp","href":"https:\/\/api.w.org\/{rel}","templated":true}]}}