{"id":6678,"date":"2021-04-27T10:44:29","date_gmt":"2021-04-27T10:44:29","guid":{"rendered":"https:\/\/mobles-guell.com\/politica-de-privacitat\/"},"modified":"2025-03-18T11:54:25","modified_gmt":"2025-03-18T11:54:25","slug":"politica-de-privacidad","status":"publish","type":"page","link":"https:\/\/mobles-guell.com\/es\/politica-de-privacidad\/","title":{"rendered":"Politica de privacidad"},"content":{"rendered":"<p>[et_pb_section fb_built=\u00bb1&#8243; _builder_version=\u00bb3.22&#8243; global_colors_info=\u00bb{}\u00bb][et_pb_row _builder_version=\u00bb3.25&#8243; background_size=\u00bbinitial\u00bb background_position=\u00bbtop_left\u00bb background_repeat=\u00bbrepeat\u00bb global_colors_info=\u00bb{}\u00bb][et_pb_column type=\u00bb4_4&#8243; _builder_version=\u00bb3.25&#8243; custom_padding=\u00bb|||\u00bb global_colors_info=\u00bb{}\u00bb custom_padding__hover=\u00bb|||\u00bb][et_pb_text _builder_version=\u00bb4.10.5&#8243; text_font_size=\u00bb16px\u00bb background_size=\u00bbinitial\u00bb background_position=\u00bbtop_left\u00bb background_repeat=\u00bbrepeat\u00bb custom_margin=\u00bb100px||||false|false\u00bb hover_enabled=\u00bb0&#8243; global_colors_info=\u00bb{}\u00bb sticky_enabled=\u00bb0&#8243;]<\/p>\n<p><!-- divi:heading --><\/p>\n<div class=\"eluid1ab9b6ce            col-md-9 col-sm-9   znColumnElement\" id=\"eluid1ab9b6ce\">\n<div class=\"znColumnElement-innerWrapper-eluid1ab9b6ce znColumnElement-innerWrapper znColumnElement-innerWrapper--valign-top znColumnElement-innerWrapper--halign-left \">\n<div class=\"znColumnElement-innerContent\">\n<div class=\"zn_text_box eluide55ef328  zn_text_box-light element-scheme--light\">\n<h1 class=\"zn_text_box-title zn_text_box-title-- \" style=\"text-align: justify;\"><strong>Pol\u00edtica de Privacidad<\/strong><\/h1>\n<p style=\"text-align: justify;\"><strong><\/strong><\/p>\n<p style=\"text-align: justify;\"><strong>\u00bfQui\u00e9n es el Responsable de Tratamiento de sus datos personales?<\/strong><\/p>\n<p style=\"text-align: justify;\">Le informamos que los datos personales que usted nos ha facilitado ser\u00e1n tratados por MOBLES G\u00dcELL, SA, como Responsable de Tratamiento, con direcci\u00f3n a Ctra. de El Vendrell, 1 \u2013 43718 Maslloren\u00e7 (Baix Pened\u00e8s), tel\u00e9fono 977 628 110, y correo electr\u00f3nico info@proves.olalon.com\/muebles-guell.<\/p>\n<p style=\"text-align: justify;\"><strong>\u00bfCon qu\u00e9 finalidad tratamos sus datos personales?<\/strong><\/p>\n<p style=\"text-align: justify;\">La finalidad del tratamiento ser\u00e1 la de:<\/p>\n<p style=\"text-align: justify;\">Responder a las consultas que usted como usuario pueda realizar y\/o<\/p>\n<p style=\"text-align: justify;\">Remitirle nuestra newsletter.<\/p>\n<p style=\"text-align: justify;\">Proporcionar acceso al usuario a determinadas funcionalidades del sitio web;<\/p>\n<p style=\"text-align: justify;\"><strong>\u00bfCu\u00e1l es la base jur\u00eddica del tratamiento de sus datos personales?<\/strong><\/p>\n<p style=\"text-align: justify;\">El otorgamiento del consentimiento por usted como usuario del sitio web.<\/p>\n<p style=\"text-align: justify;\"><strong>\u00bfA qui\u00e9n facilitaremos sus datos personales?<\/strong><\/p>\n<p style=\"text-align: justify;\">Sus datos personales no ser\u00e1n cedidos a terceros a excepci\u00f3n de imperativo legal, sin que se prevea la realizaci\u00f3n de ninguna transferencia internacional de datos sin su previo consentimiento. [ADAPTAR AL CASO EN CONCRETO SI ES REALIZAN CESIONES O TRANSFERENCIAS INTERNACIONALES DE DATOS]<\/p>\n<p style=\"text-align: justify;\">En caso de cesi\u00f3n, se le informar\u00e1 de forma previa, solicitando su consentimiento expreso para realizar la cesi\u00f3n.<\/p>\n<p style=\"text-align: justify;\"><strong>\u00bfDurante cu\u00e1nto tiempo mantendremos sus datos personales?<\/strong><\/p>\n<p style=\"text-align: justify;\">Los datos se conservar\u00e1n mientras dure la finalidad por la que nos los han proporcionado, una vez cumplida la misma, los datos de car\u00e1cter personal se guardar\u00e1n, debidamente bloqueados, seg\u00fan lo que establezca la normativa sectorial vigente. En concreto se conservar\u00e1n durante un plazo:<\/p>\n<p style=\"text-align: justify;\">a. De cuatro a\u00f1os en caso de mandato tributario en virtud del arte. 66 y ss LGT<\/p>\n<p style=\"text-align: justify;\">b. De cinco a\u00f1os para la formulaci\u00f3n, ejercicio o defensa de reclamaciones, en virtud de lo dispuesto en el art. 1.964.2 del C. c.<\/p>\n<p style=\"text-align: justify;\">c. De seis a\u00f1os respecto a los libros de contabilidad, facturas.. seg\u00fan el art. 30 CC.<\/p>\n<p style=\"text-align: justify;\"><strong>\u00bfCu\u00e1les son sus derechos como titular de sus datos personales?<\/strong><\/p>\n<p style=\"text-align: justify;\">Tiene derecho a solicitar el acceso, la rectificaci\u00f3n de sus datos personales incorrectos o inexactos, la portabilidad, y la supresi\u00f3n de sus datos personales, entre otros motivos, cuando los datos ya no son necesarios para los fines por los que se recogieron.<\/p>\n<p style=\"text-align: justify;\">Tambi\u00e9n podr\u00e1 solicitar en determinadas situaciones, la limitaci\u00f3n del tratamiento de sus datos personales, conserv\u00e1ndolos \u00fanicamente para el ejercicio o la defensa de reclamaciones.<\/p>\n<p style=\"text-align: justify;\">Podr\u00e1 tambi\u00e9n oponerse al tratamiento de sus datos personales, en determinadas circunstancias y por motivos relacionados con su particular situaci\u00f3n.<\/p>\n<p style=\"text-align: justify;\">Seg\u00fan lo dispuesto en el art. 7.3 RGPD, tiene derecho a retirar el consentimiento prestado en cualquier momento, sin que la retirada del consentimiento afecte a la licitud del tratamiento efectuado antes de la retirada del mismo. Se le informa que, si ejerce este derecho, no se podr\u00e1 seguir llevando a cabo las finalidades por las que se recabaron sus datos.<\/p>\n<p style=\"text-align: justify;\">Tiene derecho a presentar una reclamaci\u00f3n ante la autoridad de control Agencia Espa\u00f1ola de Protecci\u00f3n de Datos si considera que sus derechos han sido vulnerados en relaci\u00f3n con la protecci\u00f3n de sus datos (agpd.es).<\/p>\n<p style=\"text-align: justify;\">Podr\u00e1 ejercitar todos estos derechos mediante el env\u00edo de un correo electr\u00f3nico a info@proves.olalon.com\/muebles-guell o mediante carta a Carretera del Vendrell, n\u00ba 1 (CP.43718) Mas Lloren\u00e7 (Baix Pened\u00e8s), indicando c\u00f3mo a Asunto: \u00abRGPD\u00bb y adjuntando fotocopia de su documento identificativo.<\/p>\n<p style=\"text-align: justify;\"><strong>Obligatoriedad<\/strong><\/p>\n<p style=\"text-align: justify;\">Algunas de las casillas en las que el usuario debe introducir sus datos personales est\u00e1n marcados con un asterisco (*), lo que significa la obligatoriedad del usuario de cumplimentar las mismas ya que de lo contrario, no se podr\u00e1 cursar la solicitud efectuada por el usuario.<\/p>\n<p style=\"text-align: justify;\">El no facilitar los datos personales solicitados o no aceptar la presente pol\u00edtica de privacidad, supone la imposibilidad de suscribirse a nuestra newsletter, o recibir la informaci\u00f3n solicitada.<\/p>\n<p style=\"text-align: justify;\"><strong>Principios del tratamiento<\/strong><\/p>\n<p style=\"text-align: justify;\">Los datos personales proporcionados por el usuario son tratados de conformidad con lo dispuesto en el art. 5 y 6 del RGPD, de forma l\u00edcita leal y transparente, recogidas con las finalidades arriba especificadas, siendo las mismas leg\u00edtimas, y no ser\u00e1n tratadas ulteriormente de forma incompatible con estas finalidades. Asimismo, se garantiza la confidencialidad en su tratamiento. Adem\u00e1s los datos recogidos son adecuados, pertinentes y limitados en relaci\u00f3n con las finalidades por las que son tratadas.<\/p>\n<p style=\"text-align: justify;\"><strong>Veracidad y exactitud de los datos personales del usuario<\/strong><\/p>\n<p style=\"text-align: justify;\">El usuario garantiza que los datos aportados son ver\u00eddicos, exactos y correctos, comprometi\u00e9ndose a comunicar cualquier cambio que pudiera producirse en los mismos con el fin de dar cumplimiento al principio de exactitud de los datos de car\u00e1cter personal establecido por el RGPD.<\/p>\n<p style=\"text-align: justify;\">El usuario exonera a MOBLES G\u00dcELL, SA de cualquier responsabilidad al respecto.<\/p>\n<p style=\"text-align: justify;\"><strong>Aceptaci\u00f3n y consentimiento<\/strong><\/p>\n<p style=\"text-align: justify;\">Mediante la indicaci\u00f3n e introducci\u00f3n de los datos personales, usted otorga el consentimiento inequ\u00edvoco y expreso a MOBLES G\u00dcELL, SA para que proceda al tratamiento de los datos personales facilitados para las finalidades mencionadas anteriormente.<\/p>\n<p style=\"text-align: justify;\"><strong>Cambios en la presente pol\u00edtica de privacidad<\/strong><\/p>\n<p style=\"text-align: justify;\">MOBLES G\u00dcELL, SA se reserva el derecho a modificar la presente pol\u00edtica de privacidad para adaptarla a novedades legislativas o jurisprudenciales.<\/p>\n<p style=\"text-align: justify;\"><strong>Correos comerciales<\/strong><\/p>\n<p style=\"text-align: justify;\">S\u00f3lo ser\u00e1n remitidos cuando sean expresamente solicitados por el usuario, por eso en los formularios de contacto de nuestro sitio web tiene la posibilidad de dar su consentimiento expreso para la recepci\u00f3n del mismo, con independencia de la informaci\u00f3n comercial puntualmente solicitada. licitada.<\/p>\n<\/div>\n<\/div>\n<\/div>\n<\/div>\n<p><!-- \/divi:paragraph --><\/p>\n<p>[\/et_pb_text][\/et_pb_column][\/et_pb_row][\/et_pb_section]<\/p>\n","protected":false},"excerpt":{"rendered":"<p>Pol\u00edtica de Privacidad \u00bfQui\u00e9n es el Responsable de Tratamiento de sus datos personales? Le informamos que los datos personales que usted nos ha facilitado ser\u00e1n tratados por MOBLES G\u00dcELL, SA, como Responsable de Tratamiento, con direcci\u00f3n a Ctra. de El Vendrell, 1 \u2013 43718 Maslloren\u00e7 (Baix Pened\u00e8s), tel\u00e9fono 977 628 110, y correo electr\u00f3nico info@proves.olalon.com\/muebles-guell. [&hellip;]<\/p>\n","protected":false},"author":1,"featured_media":0,"parent":0,"menu_order":0,"comment_status":"closed","ping_status":"open","template":"","meta":{"_et_pb_use_builder":"on","_et_pb_old_content":"<!-- wp:heading --><h2>Who we are<\/h2><!-- \/wp:heading --><!-- wp:paragraph --><p><strong class=\"privacy-policy-tutorial\">Suggested text: <\/strong>Our website address is: https:\/\/mobles-guell.com.<\/p><!-- \/wp:paragraph --><!-- wp:heading --><h2>Comments<\/h2><!-- \/wp:heading --><!-- wp:paragraph --><p><strong class=\"privacy-policy-tutorial\">Suggested text: <\/strong>When visitors leave comments on the site we collect the data shown in the comments form, and also the visitor&#8217;s IP address and browser user agent string to help spam detection.<\/p><!-- \/wp:paragraph --><!-- wp:paragraph --><p>An anonymized string created from your email address (also called a hash) may be provided to the Gravatar service to see if you are using it. The Gravatar service privacy policy is available here: https:\/\/automattic.com\/privacy\/. After approval of your comment, your profile picture is visible to the public in the context of your comment.<\/p><!-- \/wp:paragraph --><!-- wp:heading --><h2>Media<\/h2><!-- \/wp:heading --><!-- wp:paragraph --><p><strong class=\"privacy-policy-tutorial\">Suggested text: <\/strong>If you upload images to the website, you should avoid uploading images with embedded location data (EXIF GPS) included. Visitors to the website can download and extract any location data from images on the website.<\/p><!-- \/wp:paragraph --><!-- wp:heading --><h2>Cookies<\/h2><!-- \/wp:heading --><!-- wp:paragraph --><p><strong class=\"privacy-policy-tutorial\">Suggested text: <\/strong>If you leave a comment on our site you may opt-in to saving your name, email address and website in cookies. These are for your convenience so that you do not have to fill in your details again when you leave another comment. These cookies will last for one year.<\/p><!-- \/wp:paragraph --><!-- wp:paragraph --><p>If you visit our login page, we will set a temporary cookie to determine if your browser accepts cookies. This cookie contains no personal data and is discarded when you close your browser.<\/p><!-- \/wp:paragraph --><!-- wp:paragraph --><p>When you log in, we will also set up several cookies to save your login information and your screen display choices. Login cookies last for two days, and screen options cookies last for a year. If you select &quot;Remember Me&quot;, your login will persist for two weeks. If you log out of your account, the login cookies will be removed.<\/p><!-- \/wp:paragraph --><!-- wp:paragraph --><p>If you edit or publish an article, an additional cookie will be saved in your browser. This cookie includes no personal data and simply indicates the post ID of the article you just edited. It expires after 1 day.<\/p><!-- \/wp:paragraph --><!-- wp:heading --><h2>Embedded content from other websites<\/h2><!-- \/wp:heading --><!-- wp:paragraph --><p><strong class=\"privacy-policy-tutorial\">Suggested text: <\/strong>Articles on this site may include embedded content (e.g. videos, images, articles, etc.). Embedded content from other websites behaves in the exact same way as if the visitor has visited the other website.<\/p><!-- \/wp:paragraph --><!-- wp:paragraph --><p>These websites may collect data about you, use cookies, embed additional third-party tracking, and monitor your interaction with that embedded content, including tracking your interaction with the embedded content if you have an account and are logged in to that website.<\/p><!-- \/wp:paragraph --><!-- wp:heading --><h2>Who we share your data with<\/h2><!-- \/wp:heading --><!-- wp:paragraph --><p><strong class=\"privacy-policy-tutorial\">Suggested text: <\/strong>If you request a password reset, your IP address will be included in the reset email.<\/p><!-- \/wp:paragraph --><!-- wp:heading --><h2>How long we retain your data<\/h2><!-- \/wp:heading --><!-- wp:paragraph --><p><strong class=\"privacy-policy-tutorial\">Suggested text: <\/strong>If you leave a comment, the comment and its metadata are retained indefinitely. This is so we can recognize and approve any follow-up comments automatically instead of holding them in a moderation queue.<\/p><!-- \/wp:paragraph --><!-- wp:paragraph --><p>For users that register on our website (if any), we also store the personal information they provide in their user profile. All users can see, edit, or delete their personal information at any time (except they cannot change their username). Website administrators can also see and edit that information.<\/p><!-- \/wp:paragraph --><!-- wp:heading --><h2>What rights you have over your data<\/h2><!-- \/wp:heading --><!-- wp:paragraph --><p><strong class=\"privacy-policy-tutorial\">Suggested text: <\/strong>If you have an account on this site, or have left comments, you can request to receive an exported file of the personal data we hold about you, including any data you have provided to us. You can also request that we erase any personal data we hold about you. This does not include any data we are obliged to keep for administrative, legal, or security purposes.<\/p><!-- \/wp:paragraph --><!-- wp:heading --><h2>Where we send your data<\/h2><!-- \/wp:heading --><!-- wp:paragraph --><p><strong class=\"privacy-policy-tutorial\">Suggested text: <\/strong>Visitor comments may be checked through an automated spam detection service.<\/p><!-- \/wp:paragraph -->","_et_gb_content_width":"","inline_featured_image":false,"_joinchat":[],"footnotes":""},"class_list":["post-6678","page","type-page","status-publish","hentry"],"yoast_head":"<!-- This site is optimized with the Yoast SEO plugin v25.8 - https:\/\/yoast.com\/wordpress\/plugins\/seo\/ -->\n<title>Politica de privacidad - Mobles Guell<\/title>\n<meta name=\"description\" content=\"Consulta las pol\u00edticas de privacidad de Muebles G\u00fcell y descubre como protegemos tus datos con transparencia y seguridad\" \/>\n<meta name=\"robots\" content=\"noindex, follow\" \/>\n<meta property=\"og:locale\" content=\"es_ES\" \/>\n<meta property=\"og:type\" content=\"article\" \/>\n<meta property=\"og:title\" content=\"Politica de privacidad - Mobles Guell\" \/>\n<meta property=\"og:description\" content=\"Consulta las pol\u00edticas de privacidad de Muebles G\u00fcell y descubre como protegemos tus datos con transparencia y seguridad\" \/>\n<meta property=\"og:url\" content=\"https:\/\/mobles-guell.com\/politica-de-privacitat\/\" \/>\n<meta property=\"og:site_name\" content=\"Mobles Guell\" \/>\n<meta property=\"article:modified_time\" content=\"2025-03-18T11:54:25+00:00\" \/>\n<meta name=\"twitter:card\" content=\"summary_large_image\" \/>\n<meta name=\"twitter:label1\" content=\"Tiempo de lectura\" \/>\n\t<meta name=\"twitter:data1\" content=\"5 minutos\" \/>\n<script type=\"application\/ld+json\" class=\"yoast-schema-graph\">{\"@context\":\"https:\/\/schema.org\",\"@graph\":[{\"@type\":\"WebPage\",\"@id\":\"https:\/\/mobles-guell.com\/politica-de-privacitat\/\",\"url\":\"https:\/\/mobles-guell.com\/politica-de-privacitat\/\",\"name\":\"Politica de privacidad - Mobles Guell\",\"isPartOf\":{\"@id\":\"https:\/\/mobles-guell.com\/es\/#website\"},\"datePublished\":\"2021-04-27T10:44:29+00:00\",\"dateModified\":\"2025-03-18T11:54:25+00:00\",\"description\":\"Consulta las pol\u00edticas de privacidad de Muebles G\u00fcell y descubre como protegemos tus datos con transparencia y seguridad\",\"breadcrumb\":{\"@id\":\"https:\/\/mobles-guell.com\/politica-de-privacitat\/#breadcrumb\"},\"inLanguage\":\"es\",\"potentialAction\":[{\"@type\":\"ReadAction\",\"target\":[\"https:\/\/mobles-guell.com\/politica-de-privacitat\/\"]}]},{\"@type\":\"BreadcrumbList\",\"@id\":\"https:\/\/mobles-guell.com\/politica-de-privacitat\/#breadcrumb\",\"itemListElement\":[{\"@type\":\"ListItem\",\"position\":1,\"name\":\"Portada\",\"item\":\"https:\/\/mobles-guell.com\/\"},{\"@type\":\"ListItem\",\"position\":2,\"name\":\"Politica de privacidad\"}]},{\"@type\":\"WebSite\",\"@id\":\"https:\/\/mobles-guell.com\/es\/#website\",\"url\":\"https:\/\/mobles-guell.com\/es\/\",\"name\":\"Mobles Guell\",\"description\":\"Els millors Mobles a Tarragona\",\"potentialAction\":[{\"@type\":\"SearchAction\",\"target\":{\"@type\":\"EntryPoint\",\"urlTemplate\":\"https:\/\/mobles-guell.com\/es\/?s={search_term_string}\"},\"query-input\":{\"@type\":\"PropertyValueSpecification\",\"valueRequired\":true,\"valueName\":\"search_term_string\"}}],\"inLanguage\":\"es\"}]}<\/script>\n<!-- \/ Yoast SEO plugin. -->","yoast_head_json":{"title":"Politica de privacidad - Mobles Guell","description":"Consulta las pol\u00edticas de privacidad de Muebles G\u00fcell y descubre como protegemos tus datos con transparencia y seguridad","robots":{"index":"noindex","follow":"follow"},"og_locale":"es_ES","og_type":"article","og_title":"Politica de privacidad - Mobles Guell","og_description":"Consulta las pol\u00edticas de privacidad de Muebles G\u00fcell y descubre como protegemos tus datos con transparencia y seguridad","og_url":"https:\/\/mobles-guell.com\/politica-de-privacitat\/","og_site_name":"Mobles Guell","article_modified_time":"2025-03-18T11:54:25+00:00","twitter_card":"summary_large_image","twitter_misc":{"Tiempo de lectura":"5 minutos"},"schema":{"@context":"https:\/\/schema.org","@graph":[{"@type":"WebPage","@id":"https:\/\/mobles-guell.com\/politica-de-privacitat\/","url":"https:\/\/mobles-guell.com\/politica-de-privacitat\/","name":"Politica de privacidad - Mobles Guell","isPartOf":{"@id":"https:\/\/mobles-guell.com\/es\/#website"},"datePublished":"2021-04-27T10:44:29+00:00","dateModified":"2025-03-18T11:54:25+00:00","description":"Consulta las pol\u00edticas de privacidad de Muebles G\u00fcell y descubre como protegemos tus datos con transparencia y seguridad","breadcrumb":{"@id":"https:\/\/mobles-guell.com\/politica-de-privacitat\/#breadcrumb"},"inLanguage":"es","potentialAction":[{"@type":"ReadAction","target":["https:\/\/mobles-guell.com\/politica-de-privacitat\/"]}]},{"@type":"BreadcrumbList","@id":"https:\/\/mobles-guell.com\/politica-de-privacitat\/#breadcrumb","itemListElement":[{"@type":"ListItem","position":1,"name":"Portada","item":"https:\/\/mobles-guell.com\/"},{"@type":"ListItem","position":2,"name":"Politica de privacidad"}]},{"@type":"WebSite","@id":"https:\/\/mobles-guell.com\/es\/#website","url":"https:\/\/mobles-guell.com\/es\/","name":"Mobles Guell","description":"Els millors Mobles a Tarragona","potentialAction":[{"@type":"SearchAction","target":{"@type":"EntryPoint","urlTemplate":"https:\/\/mobles-guell.com\/es\/?s={search_term_string}"},"query-input":{"@type":"PropertyValueSpecification","valueRequired":true,"valueName":"search_term_string"}}],"inLanguage":"es"}]}},"_links":{"self":[{"href":"https:\/\/mobles-guell.com\/es\/wp-json\/wp\/v2\/pages\/6678","targetHints":{"allow":["GET"]}}],"collection":[{"href":"https:\/\/mobles-guell.com\/es\/wp-json\/wp\/v2\/pages"}],"about":[{"href":"https:\/\/mobles-guell.com\/es\/wp-json\/wp\/v2\/types\/page"}],"author":[{"embeddable":true,"href":"https:\/\/mobles-guell.com\/es\/wp-json\/wp\/v2\/users\/1"}],"replies":[{"embeddable":true,"href":"https:\/\/mobles-guell.com\/es\/wp-json\/wp\/v2\/comments?post=6678"}],"version-history":[{"count":0,"href":"https:\/\/mobles-guell.com\/es\/wp-json\/wp\/v2\/pages\/6678\/revisions"}],"wp:attachment":[{"href":"https:\/\/mobles-guell.com\/es\/wp-json\/wp\/v2\/media?parent=6678"}],"curies":[{"name":"wp","href":"https:\/\/api.w.org\/{rel}","templated":true}]}}