{"id":7072,"date":"2021-11-10T09:17:51","date_gmt":"2021-11-10T09:17:51","guid":{"rendered":"https:\/\/mobles-guell.com\/?page_id=7072"},"modified":"2025-03-18T11:55:31","modified_gmt":"2025-03-18T11:55:31","slug":"aviso-legal","status":"publish","type":"page","link":"https:\/\/mobles-guell.com\/es\/aviso-legal\/","title":{"rendered":"Aviso legal"},"content":{"rendered":"<p>[et_pb_section fb_built=\u00bb1&#8243; _builder_version=\u00bb3.22&#8243; global_colors_info=\u00bb{}\u00bb][et_pb_row _builder_version=\u00bb3.25&#8243; background_size=\u00bbinitial\u00bb background_position=\u00bbtop_left\u00bb background_repeat=\u00bbrepeat\u00bb global_colors_info=\u00bb{}\u00bb][et_pb_column type=\u00bb4_4&#8243; _builder_version=\u00bb3.25&#8243; custom_padding=\u00bb|||\u00bb global_colors_info=\u00bb{}\u00bb custom_padding__hover=\u00bb|||\u00bb][et_pb_text _builder_version=\u00bb4.10.5&#8243; text_font_size=\u00bb16px\u00bb background_size=\u00bbinitial\u00bb background_position=\u00bbtop_left\u00bb background_repeat=\u00bbrepeat\u00bb custom_margin=\u00bb100px||||false|false\u00bb hover_enabled=\u00bb0&#8243; global_colors_info=\u00bb{}\u00bb sticky_enabled=\u00bb0&#8243;]<\/p>\n<p><!-- divi:heading --><\/p>\n<div class=\"eluid1ab9b6ce            col-md-9 col-sm-9   znColumnElement\" id=\"eluid1ab9b6ce\">\n<div class=\"znColumnElement-innerWrapper-eluid1ab9b6ce znColumnElement-innerWrapper znColumnElement-innerWrapper--valign-top znColumnElement-innerWrapper--halign-left \">\n<div class=\"znColumnElement-innerContent\">\n<div class=\"zn_text_box eluide55ef328  zn_text_box-light element-scheme--light\">\n<h1 class=\"zn_text_box-title zn_text_box-title-- \" style=\"text-align: justify;\"><strong>Aviso legal<\/strong><\/h1>\n<p style=\"text-align: justify;\"><strong><\/strong><\/p>\n<p style=\"text-align: justify;\"><strong>1. Informaci\u00f3n Corporativa<\/strong><\/p>\n<p style=\"text-align: justify;\">En virtud de las obligaciones establecidas por la Ley 34\/2002, de Servicios de la Sociedad de la Informaci\u00f3n y de Comercio Electr\u00f3nico, le informamos que el presente Sitio Web es propiedad de MOGUSA 1820, SL, con CIF B-43872761, y domicilio en Ctra. de El Vendrell, 1 \u2013 43718 Maslloren\u00e7 (Baix Pened\u00e8s)<\/p>\n<p style=\"text-align: justify;\">Puede contactar con nosotros en el tel\u00e9fono +34 977 628 110, o bien a trav\u00e9s del correo electr\u00f3nico info@muebles-guell.<\/p>\n<p style=\"text-align: justify;\">Esta sociedad se encuentra inscrita en el Registro Mercantil de Tarragona con los siguientes datos registrales: Tomo 2.244, Folio 49, Hoja T34.850 Inscripci\u00f3n 1\u00aa.<\/p>\n<p style=\"text-align: justify;\"><strong>2. Protecci\u00f3n de Contenidos<\/strong><\/p>\n<p style=\"text-align: justify;\">El usuario reconoce y acepta que todos los derechos de propiedad industrial e intelectual sobre los contenidos y\/o cualesquiera otros elementos insertados por MOGUSA 1820, SL, en el presente Sitio Web (incluyendo, a t\u00edtulo meramente enunciativo y no limitativo, todos aquellos elementos que conforman la apariencia visual, imagen gr\u00e1fica y otros est\u00edmulos sensoriales del sitio web o look and feel: marcas, logotipos, nombres comerciales, textos, im\u00e1genes, gr\u00e1ficos, dise\u00f1os, sonidos, bases de datos, software, diagramas de flujo, presentaci\u00f3n, arquitectura de navegaci\u00f3n, as\u00ed como los c\u00f3digos fuente de las p\u00e1ginas web) pertenecen a MOGUSA 1820, SL y\/oa terceros a los que les han cedido sus derechos.<\/p>\n<p style=\"text-align: justify;\">En ning\u00fan caso, el acceso al Sitio Web implica alg\u00fan tipo de permiso, renuncia, transmisi\u00f3n, licencia o cesi\u00f3n total ni parcial de estos derechos por parte de sus titulares, salvo que expresamente se establezca lo contrario. Los presentes t\u00e9rminos y condiciones de uso del Sitio Web no confieren a los usuarios ning\u00fan otro derecho de utilizaci\u00f3n, alteraci\u00f3n, explotaci\u00f3n, reproducci\u00f3n, distribuci\u00f3n o comunicaci\u00f3n p\u00fablica del Sitio Web y\/o de sus contenidos distintos a los aqu\u00ed expresamente previstos.<\/p>\n<p style=\"text-align: justify;\">Queda prohibida la utilizaci\u00f3n de estos elementos, su total o parcial reproducci\u00f3n, comunicaci\u00f3n y\/o distribuci\u00f3n con fines comerciales o lucrativos, as\u00ed como su modificaci\u00f3n, alteraci\u00f3n, descompilaci\u00f3n y\/o cualquier otro acto de explotaci\u00f3n del Sitio Web.<\/p>\n<p style=\"text-align: justify;\">Sin perjuicio de todo lo anterior, si el usuario o un tercero estima que alg\u00fan contenido del Sitio Web pudiera vulnerar derechos de propiedad intelectual e industrial, rogamos lo pongan en nuestro conocimiento lo antes posible.<\/p>\n<p style=\"text-align: justify;\"><strong>3. Acceso y uso del Sitio web<\/strong><\/p>\n<p style=\"text-align: justify;\">Tanto el acceso al Sitio Web como el uso no consentido que pueda efectuarse de la informaci\u00f3n contenida en el mismo es de la exclusiva responsabilidad de quien lo realiza.<\/p>\n<p style=\"text-align: justify;\">El usuario se compromete a utilizar los contenidos, informaci\u00f3n y datos del Sitio Web de conformidad con las presentes condiciones, t\u00e9rminos y pol\u00edticas, con la normativa de aplicaci\u00f3n y con las buenas costumbres generalmente aceptadas y el orden p\u00fablico.<\/p>\n<p style=\"text-align: justify;\">El usuario se obliga a abstenerse de utilizar los contenidos del Sitio Web con fines o efectos il\u00edcitos, prohibidos o contrarios a los aqu\u00ed establecidos, lesivos de los derechos e intereses de MOGUSA 1820, SL, de los dem\u00e1s usuarios, de terceros o que de cualquier forma puedan da\u00f1ar, inutilizar, sobrecargar o deteriorar el presente Sitio Web o impedir la normal utilizaci\u00f3n del mismo por parte de los usuarios.<\/p>\n<p style=\"text-align: justify;\">MOGUSA 1820, SL, no responder\u00e1 de ninguna consecuencia, da\u00f1o o perjuicio que pudiera derivarse de este acceso o uso o del incumplimiento de las presentes condiciones, t\u00e9rminos y pol\u00edticas, ni se har\u00e1 responsable de los errores de seguridad que se puedan producir ni de los da\u00f1os que puedan causarse en el sistema inform\u00e1tico del usuario (hardware y software) o en los ficheros o documentos almacenados en el mismo como consecuencia de:<\/p>\n<p style=\"text-align: justify;\">la presencia de un virus en el ordenador del usuario que sea utilizado para la conexi\u00f3n a los servicios y\/o productos ofrecidos por MOGUSA 1820, S.L., a trav\u00e9s de su Sitio Web;<br \/>un mal funcionamiento del navegador;<br \/>el uso de versiones no actualizadas del mismo.<\/p>\n<p style=\"text-align: justify;\"><strong>4. Enlaces a terceros<\/strong><\/p>\n<p style=\"text-align: justify;\">En el presente sitio web se pueden utilizar enlaces con otras p\u00e1ginas o sitios web. MOGUSA 1820, S.L. no se responsabiliza ni del contenido ni de las medidas de seguridad adoptadas por cualquier otra p\u00e1gina o sitio web, sitios a los que accede el interesado bajo su exclusiva responsabilidad.<\/p>\n<p style=\"text-align: justify;\">Asimismo, tampoco se garantiza la ausencia de virus u otros elementos en los contenidos enlazados desde el Sitio Web de MOGUSA 1820, SL, que puedan producir alteraciones en el sistema inform\u00e1tico (hardware y software) y\/o en los documentos o archivos del Usuario, excluyendo asimismo a MOGUSA 1820, SL de toda responsabilidad derivada de los da\u00f1os de cualquier \u00edndole ocasionados por todo lo anterior.<\/p>\n<p style=\"text-align: justify;\"><strong>5. Redes sociales<\/strong><\/p>\n<p style=\"text-align: justify;\">Le informamos que MOGUSA 1820, S.L., puede tener presencia en redes sociales. El tratamiento de los datos que se lleve a cabo de las personas que se hagan seguidoras en las redes sociales (y\/o realicen cualquier v\u00ednculo o acci\u00f3n de conexi\u00f3n a trav\u00e9s de las redes sociales) de las p\u00e1ginas oficiales de MOGUSA 1820, SL, es regir\u00e1 por este apartado, as\u00ed como por aquellas condiciones de uso, pol\u00edticas de privacidad y normativas de acceso que pertenezcan a la red social que proceda en cada caso y previamente aceptadas por el usuario.<\/p>\n<p style=\"text-align: justify;\">MOGUSA 1820, SL, tratar\u00e1 sus datos con los fines de administrar correctamente su presencia en la red social, inform\u00e1ndole de actividades productos o servicios de MOGUSA 1820, SL, as\u00ed como para cualquier otra finalidad que las normativas de las Redes Sociales permitan.<\/p>\n<p style=\"text-align: justify;\">Queda prohibida la publicaci\u00f3n de contenidos:<\/p>\n<p style=\"text-align: justify;\">\u2013 Que sean presuntamente il\u00edcitos por la normativa nacional, comunitaria o internacional o que realicen actividades presuntamente il\u00edcitas o contravengan los principios de la buena fe.<\/p>\n<p style=\"text-align: justify;\">\u2013 Que atenten contra los derechos fundamentales de las personas, falten a la cortes\u00eda en la red, molesten o puedan generar opiniones negativas en nuestros usuarios o terceros y en general cualquier contenido que MOGUSA 1820, S.L., considere no apropiados.<\/p>\n<p style=\"text-align: justify;\">\u2013 Y en general que contravengan los principios de legalidad, honradez, responsabilidad, protecci\u00f3n de la dignidad humana, protecci\u00f3n de menores, protecci\u00f3n del orden p\u00fablico, la protecci\u00f3n de la vida privada, la protecci\u00f3n del consumidor y los derechos de propiedad intelectual lectual e industrial.<\/p>\n<p style=\"text-align: justify;\">Asimismo,\u00a0MOGUSA 1820, S.L., se reserva la potestad de retirar, sin previo aviso del sitio web o de la red social corporativa aquellos contenidos que se consideren no apropiados.<\/p>\n<p style=\"text-align: justify;\"><strong>6. Virus, pirater\u00eda y otros ataques inform\u00e1ticos<\/strong><\/p>\n<p style=\"text-align: justify;\">Usted no debe realizar un uso indebido de este Sitio Web mediante la introducci\u00f3n intencionada en el mismo de virus, troyanos, gusanos, bombas l\u00f3gicas o cualquier otro programa o material tecnol\u00f3gicamente perjudicial o nocivo.<\/p>\n<p style=\"text-align: justify;\">Usted no tratar\u00e1 de tener acceso no autorizado a este Sitio Web, al servidor en el que se encuentra alojado o en cualquier servidor, ordenador o base de datos relacionada con nuestro Sitio Web.<\/p>\n<p style=\"text-align: justify;\">Usted se compromete a no atacar a este Sitio Web a trav\u00e9s de un ataque de denegaci\u00f3n de servicio o de un ataque de denegaci\u00f3n de servicio distribuido.<\/p>\n<p style=\"text-align: justify;\">El incumplimiento de esta cl\u00e1usula podr\u00eda llevar aparejada la comisi\u00f3n de infracciones tipificadas por la normativa aplicable. Informaremos de cualquier incumplimiento de esta normativa a las autoridades competentes y cooperaremos con ellas para descubrir la identidad del atacante. Asimismo, en caso de incumplimiento de la presente cl\u00e1usula, dejar\u00e1 de inmediato estar autorizado a usar este Sitio Web.<\/p>\n<p style=\"text-align: justify;\">No seremos responsables de cualquier da\u00f1o o p\u00e9rdida resultante de un ataque de denegaci\u00f3n de servicio, virus o cualquier otro programa o material tecnol\u00f3gicamente perjudicial o nocivo que pueda afectar a su ordenador, equipo inform\u00e1tico, o materiales como consecuencia del uso de este Sitio web o de la descarga de contenidos del mismo oa la que el mismo redirige.<\/p>\n<p style=\"text-align: justify;\"><strong>7. Modificaci\u00f3n de Aviso Legal, Pol\u00edtica de Privacidad y Protecci\u00f3n de Datos.<\/strong><\/p>\n<p style=\"text-align: justify;\">El Responsable del Sitio web se reserva el derecho a modificar en todo momento y sin previo aviso las presentes condiciones, t\u00e9rminos y pol\u00edticas de privacidad para adaptarlas a las novedades legislativas o jurisprudenciales as\u00ed como a las modificaciones o pr\u00e1cticas de la industria. usuario consultar peri\u00f3dicamente las presentes condiciones, t\u00e9rminos y pol\u00edticas a fin de comprobar o cerciorarse de la existencia de cambios en las mismas, tomando como referencia la fecha de la \u00faltima actualizaci\u00f3n.<\/p>\n<p style=\"text-align: justify;\"><strong>8. Legislaci\u00f3n aplicable y jurisdicci\u00f3n<\/strong><\/p>\n<p style=\"text-align: justify;\">Las cuestiones que se susciten entre el Titular y el usuario en relaci\u00f3n con el uso de este Sitio Web, sus contenidos, y las relativas a la interpretaci\u00f3n, validez y cumplimiento de estas Condiciones, se regir\u00e1n por sus propias cl\u00e1usulas , y respecto a lo que no estuviera previsto por la normativa aplicable vigente.<\/p>\n<p style=\"text-align: justify;\">Cualquier controversia entre el Titular y el usuario se someter\u00e1 a los Juzgados y Tribunales de El Vendrell, renunciando al usuario expresamente a cualquier fuero que, por aplicaci\u00f3n de la Ley de Enjuiciamiento Civil vigente pudiera corresponderle. Si usted es consumidor, nada en la presente cl\u00e1usula afectar\u00e1 a los derechos que como tal le reconoce la legislaci\u00f3n vigente.<\/p>\n<\/div>\n<\/div>\n<\/div>\n<\/div>\n<p><!-- \/divi:paragraph --><\/p>\n<p>[\/et_pb_text][\/et_pb_column][\/et_pb_row][\/et_pb_section]<\/p>\n","protected":false},"excerpt":{"rendered":"<p>Aviso legal 1. Informaci\u00f3n Corporativa En virtud de las obligaciones establecidas por la Ley 34\/2002, de Servicios de la Sociedad de la Informaci\u00f3n y de Comercio Electr\u00f3nico, le informamos que el presente Sitio Web es propiedad de MOGUSA 1820, SL, con CIF B-43872761, y domicilio en Ctra. de El Vendrell, 1 \u2013 43718 Maslloren\u00e7 (Baix [&hellip;]<\/p>\n","protected":false},"author":4,"featured_media":0,"parent":0,"menu_order":0,"comment_status":"closed","ping_status":"open","template":"","meta":{"_et_pb_use_builder":"on","_et_pb_old_content":"<!-- wp:heading --><h2>Who we are<\/h2><!-- \/wp:heading --><!-- wp:paragraph --><p><strong class=\"privacy-policy-tutorial\">Suggested text: <\/strong>Our website address is: https:\/\/mobles-guell.com.<\/p><!-- \/wp:paragraph --><!-- wp:heading --><h2>Comments<\/h2><!-- \/wp:heading --><!-- wp:paragraph --><p><strong class=\"privacy-policy-tutorial\">Suggested text: <\/strong>When visitors leave comments on the site we collect the data shown in the comments form, and also the visitor&#8217;s IP address and browser user agent string to help spam detection.<\/p><!-- \/wp:paragraph --><!-- wp:paragraph --><p>An anonymized string created from your email address (also called a hash) may be provided to the Gravatar service to see if you are using it. The Gravatar service privacy policy is available here: https:\/\/automattic.com\/privacy\/. After approval of your comment, your profile picture is visible to the public in the context of your comment.<\/p><!-- \/wp:paragraph --><!-- wp:heading --><h2>Media<\/h2><!-- \/wp:heading --><!-- wp:paragraph --><p><strong class=\"privacy-policy-tutorial\">Suggested text: <\/strong>If you upload images to the website, you should avoid uploading images with embedded location data (EXIF GPS) included. Visitors to the website can download and extract any location data from images on the website.<\/p><!-- \/wp:paragraph --><!-- wp:heading --><h2>Cookies<\/h2><!-- \/wp:heading --><!-- wp:paragraph --><p><strong class=\"privacy-policy-tutorial\">Suggested text: <\/strong>If you leave a comment on our site you may opt-in to saving your name, email address and website in cookies. These are for your convenience so that you do not have to fill in your details again when you leave another comment. These cookies will last for one year.<\/p><!-- \/wp:paragraph --><!-- wp:paragraph --><p>If you visit our login page, we will set a temporary cookie to determine if your browser accepts cookies. This cookie contains no personal data and is discarded when you close your browser.<\/p><!-- \/wp:paragraph --><!-- wp:paragraph --><p>When you log in, we will also set up several cookies to save your login information and your screen display choices. Login cookies last for two days, and screen options cookies last for a year. If you select &quot;Remember Me&quot;, your login will persist for two weeks. If you log out of your account, the login cookies will be removed.<\/p><!-- \/wp:paragraph --><!-- wp:paragraph --><p>If you edit or publish an article, an additional cookie will be saved in your browser. This cookie includes no personal data and simply indicates the post ID of the article you just edited. It expires after 1 day.<\/p><!-- \/wp:paragraph --><!-- wp:heading --><h2>Embedded content from other websites<\/h2><!-- \/wp:heading --><!-- wp:paragraph --><p><strong class=\"privacy-policy-tutorial\">Suggested text: <\/strong>Articles on this site may include embedded content (e.g. videos, images, articles, etc.). Embedded content from other websites behaves in the exact same way as if the visitor has visited the other website.<\/p><!-- \/wp:paragraph --><!-- wp:paragraph --><p>These websites may collect data about you, use cookies, embed additional third-party tracking, and monitor your interaction with that embedded content, including tracking your interaction with the embedded content if you have an account and are logged in to that website.<\/p><!-- \/wp:paragraph --><!-- wp:heading --><h2>Who we share your data with<\/h2><!-- \/wp:heading --><!-- wp:paragraph --><p><strong class=\"privacy-policy-tutorial\">Suggested text: <\/strong>If you request a password reset, your IP address will be included in the reset email.<\/p><!-- \/wp:paragraph --><!-- wp:heading --><h2>How long we retain your data<\/h2><!-- \/wp:heading --><!-- wp:paragraph --><p><strong class=\"privacy-policy-tutorial\">Suggested text: <\/strong>If you leave a comment, the comment and its metadata are retained indefinitely. This is so we can recognize and approve any follow-up comments automatically instead of holding them in a moderation queue.<\/p><!-- \/wp:paragraph --><!-- wp:paragraph --><p>For users that register on our website (if any), we also store the personal information they provide in their user profile. All users can see, edit, or delete their personal information at any time (except they cannot change their username). Website administrators can also see and edit that information.<\/p><!-- \/wp:paragraph --><!-- wp:heading --><h2>What rights you have over your data<\/h2><!-- \/wp:heading --><!-- wp:paragraph --><p><strong class=\"privacy-policy-tutorial\">Suggested text: <\/strong>If you have an account on this site, or have left comments, you can request to receive an exported file of the personal data we hold about you, including any data you have provided to us. You can also request that we erase any personal data we hold about you. This does not include any data we are obliged to keep for administrative, legal, or security purposes.<\/p><!-- \/wp:paragraph --><!-- wp:heading --><h2>Where we send your data<\/h2><!-- \/wp:heading --><!-- wp:paragraph --><p><strong class=\"privacy-policy-tutorial\">Suggested text: <\/strong>Visitor comments may be checked through an automated spam detection service.<\/p><!-- \/wp:paragraph -->","_et_gb_content_width":"","inline_featured_image":false,"_joinchat":[],"footnotes":""},"class_list":["post-7072","page","type-page","status-publish","hentry"],"yoast_head":"<!-- This site is optimized with the Yoast SEO plugin v25.8 - https:\/\/yoast.com\/wordpress\/plugins\/seo\/ -->\n<title>Aviso legal - Mobles Guell<\/title>\n<meta name=\"description\" content=\"Consulta el Aviso Legal de Muebles G\u00fcell para conocer las condiciones de uso, responsabilidades y normativa aplicable en nuestra web\" \/>\n<meta name=\"robots\" content=\"noindex, follow\" \/>\n<meta property=\"og:locale\" content=\"es_ES\" \/>\n<meta property=\"og:type\" content=\"article\" \/>\n<meta property=\"og:title\" content=\"Aviso legal - Mobles Guell\" \/>\n<meta property=\"og:description\" content=\"Consulta el Aviso Legal de Muebles G\u00fcell para conocer las condiciones de uso, responsabilidades y normativa aplicable en nuestra web\" \/>\n<meta property=\"og:url\" content=\"https:\/\/mobles-guell.com\/avis-legal\/\" \/>\n<meta property=\"og:site_name\" content=\"Mobles Guell\" \/>\n<meta property=\"article:modified_time\" content=\"2025-03-18T11:55:31+00:00\" \/>\n<meta name=\"twitter:card\" content=\"summary_large_image\" \/>\n<meta name=\"twitter:label1\" content=\"Tiempo de lectura\" \/>\n\t<meta name=\"twitter:data1\" content=\"8 minutos\" \/>\n<script type=\"application\/ld+json\" class=\"yoast-schema-graph\">{\"@context\":\"https:\/\/schema.org\",\"@graph\":[{\"@type\":\"WebPage\",\"@id\":\"https:\/\/mobles-guell.com\/avis-legal\/\",\"url\":\"https:\/\/mobles-guell.com\/avis-legal\/\",\"name\":\"Aviso legal - Mobles Guell\",\"isPartOf\":{\"@id\":\"https:\/\/mobles-guell.com\/es\/#website\"},\"datePublished\":\"2021-11-10T09:17:51+00:00\",\"dateModified\":\"2025-03-18T11:55:31+00:00\",\"description\":\"Consulta el Aviso Legal de Muebles G\u00fcell para conocer las condiciones de uso, responsabilidades y normativa aplicable en nuestra web\",\"breadcrumb\":{\"@id\":\"https:\/\/mobles-guell.com\/avis-legal\/#breadcrumb\"},\"inLanguage\":\"es\",\"potentialAction\":[{\"@type\":\"ReadAction\",\"target\":[\"https:\/\/mobles-guell.com\/avis-legal\/\"]}]},{\"@type\":\"BreadcrumbList\",\"@id\":\"https:\/\/mobles-guell.com\/avis-legal\/#breadcrumb\",\"itemListElement\":[{\"@type\":\"ListItem\",\"position\":1,\"name\":\"Portada\",\"item\":\"https:\/\/mobles-guell.com\/\"},{\"@type\":\"ListItem\",\"position\":2,\"name\":\"Aviso legal\"}]},{\"@type\":\"WebSite\",\"@id\":\"https:\/\/mobles-guell.com\/es\/#website\",\"url\":\"https:\/\/mobles-guell.com\/es\/\",\"name\":\"Mobles Guell\",\"description\":\"Els millors Mobles a Tarragona\",\"potentialAction\":[{\"@type\":\"SearchAction\",\"target\":{\"@type\":\"EntryPoint\",\"urlTemplate\":\"https:\/\/mobles-guell.com\/es\/?s={search_term_string}\"},\"query-input\":{\"@type\":\"PropertyValueSpecification\",\"valueRequired\":true,\"valueName\":\"search_term_string\"}}],\"inLanguage\":\"es\"}]}<\/script>\n<!-- \/ Yoast SEO plugin. -->","yoast_head_json":{"title":"Aviso legal - Mobles Guell","description":"Consulta el Aviso Legal de Muebles G\u00fcell para conocer las condiciones de uso, responsabilidades y normativa aplicable en nuestra web","robots":{"index":"noindex","follow":"follow"},"og_locale":"es_ES","og_type":"article","og_title":"Aviso legal - Mobles Guell","og_description":"Consulta el Aviso Legal de Muebles G\u00fcell para conocer las condiciones de uso, responsabilidades y normativa aplicable en nuestra web","og_url":"https:\/\/mobles-guell.com\/avis-legal\/","og_site_name":"Mobles Guell","article_modified_time":"2025-03-18T11:55:31+00:00","twitter_card":"summary_large_image","twitter_misc":{"Tiempo de lectura":"8 minutos"},"schema":{"@context":"https:\/\/schema.org","@graph":[{"@type":"WebPage","@id":"https:\/\/mobles-guell.com\/avis-legal\/","url":"https:\/\/mobles-guell.com\/avis-legal\/","name":"Aviso legal - Mobles Guell","isPartOf":{"@id":"https:\/\/mobles-guell.com\/es\/#website"},"datePublished":"2021-11-10T09:17:51+00:00","dateModified":"2025-03-18T11:55:31+00:00","description":"Consulta el Aviso Legal de Muebles G\u00fcell para conocer las condiciones de uso, responsabilidades y normativa aplicable en nuestra web","breadcrumb":{"@id":"https:\/\/mobles-guell.com\/avis-legal\/#breadcrumb"},"inLanguage":"es","potentialAction":[{"@type":"ReadAction","target":["https:\/\/mobles-guell.com\/avis-legal\/"]}]},{"@type":"BreadcrumbList","@id":"https:\/\/mobles-guell.com\/avis-legal\/#breadcrumb","itemListElement":[{"@type":"ListItem","position":1,"name":"Portada","item":"https:\/\/mobles-guell.com\/"},{"@type":"ListItem","position":2,"name":"Aviso legal"}]},{"@type":"WebSite","@id":"https:\/\/mobles-guell.com\/es\/#website","url":"https:\/\/mobles-guell.com\/es\/","name":"Mobles Guell","description":"Els millors Mobles a Tarragona","potentialAction":[{"@type":"SearchAction","target":{"@type":"EntryPoint","urlTemplate":"https:\/\/mobles-guell.com\/es\/?s={search_term_string}"},"query-input":{"@type":"PropertyValueSpecification","valueRequired":true,"valueName":"search_term_string"}}],"inLanguage":"es"}]}},"_links":{"self":[{"href":"https:\/\/mobles-guell.com\/es\/wp-json\/wp\/v2\/pages\/7072","targetHints":{"allow":["GET"]}}],"collection":[{"href":"https:\/\/mobles-guell.com\/es\/wp-json\/wp\/v2\/pages"}],"about":[{"href":"https:\/\/mobles-guell.com\/es\/wp-json\/wp\/v2\/types\/page"}],"author":[{"embeddable":true,"href":"https:\/\/mobles-guell.com\/es\/wp-json\/wp\/v2\/users\/4"}],"replies":[{"embeddable":true,"href":"https:\/\/mobles-guell.com\/es\/wp-json\/wp\/v2\/comments?post=7072"}],"version-history":[{"count":0,"href":"https:\/\/mobles-guell.com\/es\/wp-json\/wp\/v2\/pages\/7072\/revisions"}],"wp:attachment":[{"href":"https:\/\/mobles-guell.com\/es\/wp-json\/wp\/v2\/media?parent=7072"}],"curies":[{"name":"wp","href":"https:\/\/api.w.org\/{rel}","templated":true}]}}