{"id":7074,"date":"2021-11-10T09:09:31","date_gmt":"2021-11-10T09:09:31","guid":{"rendered":"https:\/\/mobles-guell.com\/?page_id=7074"},"modified":"2025-09-29T14:09:49","modified_gmt":"2025-09-29T14:09:49","slug":"politica-de-punts","status":"publish","type":"page","link":"https:\/\/mobles-guell.com\/es\/politica-de-punts\/","title":{"rendered":"Pol\u00edtica del programa de puntos"},"content":{"rendered":"<p>[et_pb_section fb_built=\u00bb1&#8243; _builder_version=\u00bb4.16&#8243; global_colors_info=\u00bb{}\u00bb][et_pb_row _builder_version=\u00bb4.16&#8243; background_size=\u00bbinitial\u00bb background_position=\u00bbtop_left\u00bb background_repeat=\u00bbrepeat\u00bb global_colors_info=\u00bb{}\u00bb][et_pb_column type=\u00bb4_4&#8243; _builder_version=\u00bb4.16&#8243; custom_padding=\u00bb|||\u00bb global_colors_info=\u00bb{}\u00bb custom_padding__hover=\u00bb|||\u00bb][et_pb_text _builder_version=\u00bb4.27.4&#8243; text_font_size=\u00bb16px\u00bb background_size=\u00bbinitial\u00bb background_position=\u00bbtop_left\u00bb background_repeat=\u00bbrepeat\u00bb custom_margin=\u00bb100px||||false|false\u00bb hover_enabled=\u00bb0&#8243; global_colors_info=\u00bb{}\u00bb sticky_enabled=\u00bb0&#8243;]<\/p>\n<p><!-- divi:heading --><\/p>\n<div class=\"eluid1ab9b6ce            col-md-9 col-sm-9   znColumnElement\" id=\"eluid1ab9b6ce\">\n<div class=\"znColumnElement-innerWrapper-eluid1ab9b6ce znColumnElement-innerWrapper znColumnElement-innerWrapper--valign-top znColumnElement-innerWrapper--halign-left \">\n<div class=\"znColumnElement-innerContent\">\n<div class=\"zn_text_box eluide55ef328  zn_text_box-light element-scheme--light\">\n<h1 class=\"zn_text_box-title zn_text_box-title-- \" style=\"text-align: justify;\"><strong>Tarjeta de cliente y pol\u00edtica de puntos comerciales Mogusa 1820 S. L.<\/strong><\/h1>\n<p><span><\/span><\/p>\n<p><span><\/span><\/p>\n<p><span><\/span><\/p>\n<p style=\"text-align: justify;\"><strong><\/strong><\/p>\n<div class=\"eluid5daad041            col-md-9 col-sm-9   znColumnElement\" id=\"eluid5daad041\">\n<div class=\"znColumnElement-innerWrapper-eluid5daad041 znColumnElement-innerWrapper znColumnElement-innerWrapper--valign-top znColumnElement-innerWrapper--halign-left \">\n<div class=\"znColumnElement-innerContent\">\n<div class=\"zn_text_box eluidce168598  zn_text_box-light element-scheme--light\">\n<h4 style=\"text-align: justify;\"><strong>C\u00f3mo funciona la Promoci\u00f3n de Puntos<\/strong><\/h4>\n<p><strong><\/strong>Pol\u00edtica del programa de puntos:<\/p>\n<p style=\"text-align: justify;\"><span>1. Usted compra en Muebles G\u00fcell.<\/span><br \/><span>2. Consigue nuestra Tarjeta Cliente.<\/span><br \/><span>3. Suma un 1% del valor de su compra en puntos.<\/span><br \/><span>4. En los siguientes tres meses usted los puede intercambiar en cualquiera de nuestras dos tiendas: <strong>Muebles G\u00fcell<\/strong> o <strong>NUS<\/strong>.<\/span><\/p>\n<h4><strong>Condiciones de la Promoci\u00f3n de los Puntos<\/strong><\/h4>\n<p><strong><\/strong><\/p>\n<p style=\"text-align: justify;\"><strong>Cada cliente suma un 1% del valor de la compra en puntos a su tarjeta de cliente.<\/strong><br \/><span>Estos se otorgan una vez el pedido est\u00e1 <strong>facturado y pagada.<\/strong><\/span><\/p>\n<p style=\"text-align: justify;\"><span>Los puntos solo se pueden descontar en futuras compras que realice en cualquiera de nuestros dos puntos de venta de Muebles G\u00fcell en Maslloren\u00e7 y Nus en Vendrell.<\/span><\/p>\n<p style=\"text-align: justify;\"><span>Los puntos son de car\u00e1cter personal e intransferibles.<\/span><\/p>\n<p><span>En el caso de que la empresa, seg\u00fan requisitos del cliente, tenga que hacer alg\u00fan trabajo adicional se cobrar\u00e1 aparte, aplicando las tarifas vigentes en aquel momento.<\/span><br \/><span>Los puntos caducan a los 3 meses de su obtenci\u00f3n.<\/span><\/p>\n<p><span>\u00a0 \u00a0 \u00a0 \u00a0 \u00a0 \u00a0 \u00a0 \u00a0 \u00a0 \u00a0 \u00a0 \u00a0 \u00a0 \u00a0 \u00a0 \u00a0 \u00a0 \u00a0 \u00a0 \u00a0 \u00a0 \u00a0 \u00a0 \u00a0<\/span><\/p>\n<p><span>La Direcci\u00f3n<\/span><\/p>\n<\/div>\n<\/div>\n<\/div>\n<\/div>\n<\/div>\n<\/div>\n<\/div>\n<\/div>\n<p>&nbsp;<\/p>\n<p>&nbsp;<\/p>\n<p>&nbsp;<\/p>\n<p>&nbsp;<\/p>\n<p>&nbsp;<\/p>\n<p>&nbsp;<\/p>\n<p>&nbsp;<\/p>\n<p>&nbsp;<\/p>\n<p>&nbsp;<\/p>\n<p>&nbsp;<\/p>\n<p>&nbsp;<\/p>\n<p><!-- \/divi:paragraph --><\/p>\n<p>[\/et_pb_text][\/et_pb_column][\/et_pb_row][\/et_pb_section]<\/p>\n","protected":false},"excerpt":{"rendered":"<p>Tarjeta de cliente y pol\u00edtica de puntos comerciales Mogusa 1820 S. L. C\u00f3mo funciona la Promoci\u00f3n de Puntos Pol\u00edtica del programa de puntos: 1. Usted compra en Muebles G\u00fcell.2. Consigue nuestra Tarjeta Cliente.3. Suma un 1% del valor de su compra en puntos.4. En los siguientes tres meses usted los puede intercambiar en cualquiera de [&hellip;]<\/p>\n","protected":false},"author":4,"featured_media":0,"parent":0,"menu_order":0,"comment_status":"closed","ping_status":"closed","template":"","meta":{"_et_pb_use_builder":"on","_et_pb_old_content":"<!-- wp:heading --><h2>Who we are<\/h2><!-- \/wp:heading --><!-- wp:paragraph --><p><strong class=\"privacy-policy-tutorial\">Suggested text: <\/strong>Our website address is: https:\/\/mobles-guell.com.<\/p><!-- \/wp:paragraph --><!-- wp:heading --><h2>Comments<\/h2><!-- \/wp:heading --><!-- wp:paragraph --><p><strong class=\"privacy-policy-tutorial\">Suggested text: <\/strong>When visitors leave comments on the site we collect the data shown in the comments form, and also the visitor&#8217;s IP address and browser user agent string to help spam detection.<\/p><!-- \/wp:paragraph --><!-- wp:paragraph --><p>An anonymized string created from your email address (also called a hash) may be provided to the Gravatar service to see if you are using it. The Gravatar service privacy policy is available here: https:\/\/automattic.com\/privacy\/. After approval of your comment, your profile picture is visible to the public in the context of your comment.<\/p><!-- \/wp:paragraph --><!-- wp:heading --><h2>Media<\/h2><!-- \/wp:heading --><!-- wp:paragraph --><p><strong class=\"privacy-policy-tutorial\">Suggested text: <\/strong>If you upload images to the website, you should avoid uploading images with embedded location data (EXIF GPS) included. Visitors to the website can download and extract any location data from images on the website.<\/p><!-- \/wp:paragraph --><!-- wp:heading --><h2>Cookies<\/h2><!-- \/wp:heading --><!-- wp:paragraph --><p><strong class=\"privacy-policy-tutorial\">Suggested text: <\/strong>If you leave a comment on our site you may opt-in to saving your name, email address and website in cookies. These are for your convenience so that you do not have to fill in your details again when you leave another comment. These cookies will last for one year.<\/p><!-- \/wp:paragraph --><!-- wp:paragraph --><p>If you visit our login page, we will set a temporary cookie to determine if your browser accepts cookies. This cookie contains no personal data and is discarded when you close your browser.<\/p><!-- \/wp:paragraph --><!-- wp:paragraph --><p>When you log in, we will also set up several cookies to save your login information and your screen display choices. Login cookies last for two days, and screen options cookies last for a year. If you select &quot;Remember Me&quot;, your login will persist for two weeks. If you log out of your account, the login cookies will be removed.<\/p><!-- \/wp:paragraph --><!-- wp:paragraph --><p>If you edit or publish an article, an additional cookie will be saved in your browser. This cookie includes no personal data and simply indicates the post ID of the article you just edited. It expires after 1 day.<\/p><!-- \/wp:paragraph --><!-- wp:heading --><h2>Embedded content from other websites<\/h2><!-- \/wp:heading --><!-- wp:paragraph --><p><strong class=\"privacy-policy-tutorial\">Suggested text: <\/strong>Articles on this site may include embedded content (e.g. videos, images, articles, etc.). Embedded content from other websites behaves in the exact same way as if the visitor has visited the other website.<\/p><!-- \/wp:paragraph --><!-- wp:paragraph --><p>These websites may collect data about you, use cookies, embed additional third-party tracking, and monitor your interaction with that embedded content, including tracking your interaction with the embedded content if you have an account and are logged in to that website.<\/p><!-- \/wp:paragraph --><!-- wp:heading --><h2>Who we share your data with<\/h2><!-- \/wp:heading --><!-- wp:paragraph --><p><strong class=\"privacy-policy-tutorial\">Suggested text: <\/strong>If you request a password reset, your IP address will be included in the reset email.<\/p><!-- \/wp:paragraph --><!-- wp:heading --><h2>How long we retain your data<\/h2><!-- \/wp:heading --><!-- wp:paragraph --><p><strong class=\"privacy-policy-tutorial\">Suggested text: <\/strong>If you leave a comment, the comment and its metadata are retained indefinitely. This is so we can recognize and approve any follow-up comments automatically instead of holding them in a moderation queue.<\/p><!-- \/wp:paragraph --><!-- wp:paragraph --><p>For users that register on our website (if any), we also store the personal information they provide in their user profile. All users can see, edit, or delete their personal information at any time (except they cannot change their username). Website administrators can also see and edit that information.<\/p><!-- \/wp:paragraph --><!-- wp:heading --><h2>What rights you have over your data<\/h2><!-- \/wp:heading --><!-- wp:paragraph --><p><strong class=\"privacy-policy-tutorial\">Suggested text: <\/strong>If you have an account on this site, or have left comments, you can request to receive an exported file of the personal data we hold about you, including any data you have provided to us. You can also request that we erase any personal data we hold about you. This does not include any data we are obliged to keep for administrative, legal, or security purposes.<\/p><!-- \/wp:paragraph --><!-- wp:heading --><h2>Where we send your data<\/h2><!-- \/wp:heading --><!-- wp:paragraph --><p><strong class=\"privacy-policy-tutorial\">Suggested text: <\/strong>Visitor comments may be checked through an automated spam detection service.<\/p><!-- \/wp:paragraph -->","_et_gb_content_width":"","inline_featured_image":false,"_joinchat":[],"footnotes":""},"class_list":["post-7074","page","type-page","status-publish","hentry"],"yoast_head":"<!-- This site is optimized with the Yoast SEO plugin v25.8 - https:\/\/yoast.com\/wordpress\/plugins\/seo\/ -->\n<title>Pol\u00edtica del programa de puntos - Mobles Guell<\/title>\n<meta name=\"description\" content=\"Conoce la pol\u00edtica de puntos de Mobles G\u00fcell y descubre c\u00f3mo acumular y canjear puntos por descuentos exclusivos\" \/>\n<meta name=\"robots\" content=\"noindex, follow\" \/>\n<meta property=\"og:locale\" content=\"es_ES\" \/>\n<meta property=\"og:type\" content=\"article\" \/>\n<meta property=\"og:title\" content=\"Pol\u00edtica del programa de puntos - Mobles Guell\" \/>\n<meta property=\"og:description\" content=\"Conoce la pol\u00edtica de puntos de Mobles G\u00fcell y descubre c\u00f3mo acumular y canjear puntos por descuentos exclusivos\" \/>\n<meta property=\"og:url\" content=\"https:\/\/mobles-guell.com\/politica-de-punts\/\" \/>\n<meta property=\"og:site_name\" content=\"Mobles Guell\" \/>\n<meta property=\"article:modified_time\" content=\"2025-09-29T14:09:49+00:00\" \/>\n<meta name=\"twitter:card\" content=\"summary_large_image\" \/>\n<meta name=\"twitter:label1\" content=\"Tiempo de lectura\" \/>\n\t<meta name=\"twitter:data1\" content=\"2 minutos\" \/>\n<script type=\"application\/ld+json\" class=\"yoast-schema-graph\">{\"@context\":\"https:\/\/schema.org\",\"@graph\":[{\"@type\":\"WebPage\",\"@id\":\"https:\/\/mobles-guell.com\/politica-de-punts\/\",\"url\":\"https:\/\/mobles-guell.com\/politica-de-punts\/\",\"name\":\"Pol\u00edtica del programa de puntos - Mobles Guell\",\"isPartOf\":{\"@id\":\"https:\/\/mobles-guell.com\/es\/#website\"},\"datePublished\":\"2021-11-10T09:09:31+00:00\",\"dateModified\":\"2025-09-29T14:09:49+00:00\",\"description\":\"Conoce la pol\u00edtica de puntos de Mobles G\u00fcell y descubre c\u00f3mo acumular y canjear puntos por descuentos exclusivos\",\"breadcrumb\":{\"@id\":\"https:\/\/mobles-guell.com\/politica-de-punts\/#breadcrumb\"},\"inLanguage\":\"es\",\"potentialAction\":[{\"@type\":\"ReadAction\",\"target\":[\"https:\/\/mobles-guell.com\/politica-de-punts\/\"]}]},{\"@type\":\"BreadcrumbList\",\"@id\":\"https:\/\/mobles-guell.com\/politica-de-punts\/#breadcrumb\",\"itemListElement\":[{\"@type\":\"ListItem\",\"position\":1,\"name\":\"Portada\",\"item\":\"https:\/\/mobles-guell.com\/\"},{\"@type\":\"ListItem\",\"position\":2,\"name\":\"Pol\u00edtica del programa de puntos\"}]},{\"@type\":\"WebSite\",\"@id\":\"https:\/\/mobles-guell.com\/es\/#website\",\"url\":\"https:\/\/mobles-guell.com\/es\/\",\"name\":\"Mobles Guell\",\"description\":\"Els millors Mobles a Tarragona\",\"potentialAction\":[{\"@type\":\"SearchAction\",\"target\":{\"@type\":\"EntryPoint\",\"urlTemplate\":\"https:\/\/mobles-guell.com\/es\/?s={search_term_string}\"},\"query-input\":{\"@type\":\"PropertyValueSpecification\",\"valueRequired\":true,\"valueName\":\"search_term_string\"}}],\"inLanguage\":\"es\"}]}<\/script>\n<!-- \/ Yoast SEO plugin. -->","yoast_head_json":{"title":"Pol\u00edtica del programa de puntos - Mobles Guell","description":"Conoce la pol\u00edtica de puntos de Mobles G\u00fcell y descubre c\u00f3mo acumular y canjear puntos por descuentos exclusivos","robots":{"index":"noindex","follow":"follow"},"og_locale":"es_ES","og_type":"article","og_title":"Pol\u00edtica del programa de puntos - Mobles Guell","og_description":"Conoce la pol\u00edtica de puntos de Mobles G\u00fcell y descubre c\u00f3mo acumular y canjear puntos por descuentos exclusivos","og_url":"https:\/\/mobles-guell.com\/politica-de-punts\/","og_site_name":"Mobles Guell","article_modified_time":"2025-09-29T14:09:49+00:00","twitter_card":"summary_large_image","twitter_misc":{"Tiempo de lectura":"2 minutos"},"schema":{"@context":"https:\/\/schema.org","@graph":[{"@type":"WebPage","@id":"https:\/\/mobles-guell.com\/politica-de-punts\/","url":"https:\/\/mobles-guell.com\/politica-de-punts\/","name":"Pol\u00edtica del programa de puntos - Mobles Guell","isPartOf":{"@id":"https:\/\/mobles-guell.com\/es\/#website"},"datePublished":"2021-11-10T09:09:31+00:00","dateModified":"2025-09-29T14:09:49+00:00","description":"Conoce la pol\u00edtica de puntos de Mobles G\u00fcell y descubre c\u00f3mo acumular y canjear puntos por descuentos exclusivos","breadcrumb":{"@id":"https:\/\/mobles-guell.com\/politica-de-punts\/#breadcrumb"},"inLanguage":"es","potentialAction":[{"@type":"ReadAction","target":["https:\/\/mobles-guell.com\/politica-de-punts\/"]}]},{"@type":"BreadcrumbList","@id":"https:\/\/mobles-guell.com\/politica-de-punts\/#breadcrumb","itemListElement":[{"@type":"ListItem","position":1,"name":"Portada","item":"https:\/\/mobles-guell.com\/"},{"@type":"ListItem","position":2,"name":"Pol\u00edtica del programa de puntos"}]},{"@type":"WebSite","@id":"https:\/\/mobles-guell.com\/es\/#website","url":"https:\/\/mobles-guell.com\/es\/","name":"Mobles Guell","description":"Els millors Mobles a Tarragona","potentialAction":[{"@type":"SearchAction","target":{"@type":"EntryPoint","urlTemplate":"https:\/\/mobles-guell.com\/es\/?s={search_term_string}"},"query-input":{"@type":"PropertyValueSpecification","valueRequired":true,"valueName":"search_term_string"}}],"inLanguage":"es"}]}},"_links":{"self":[{"href":"https:\/\/mobles-guell.com\/es\/wp-json\/wp\/v2\/pages\/7074","targetHints":{"allow":["GET"]}}],"collection":[{"href":"https:\/\/mobles-guell.com\/es\/wp-json\/wp\/v2\/pages"}],"about":[{"href":"https:\/\/mobles-guell.com\/es\/wp-json\/wp\/v2\/types\/page"}],"author":[{"embeddable":true,"href":"https:\/\/mobles-guell.com\/es\/wp-json\/wp\/v2\/users\/4"}],"replies":[{"embeddable":true,"href":"https:\/\/mobles-guell.com\/es\/wp-json\/wp\/v2\/comments?post=7074"}],"version-history":[{"count":1,"href":"https:\/\/mobles-guell.com\/es\/wp-json\/wp\/v2\/pages\/7074\/revisions"}],"predecessor-version":[{"id":12895,"href":"https:\/\/mobles-guell.com\/es\/wp-json\/wp\/v2\/pages\/7074\/revisions\/12895"}],"wp:attachment":[{"href":"https:\/\/mobles-guell.com\/es\/wp-json\/wp\/v2\/media?parent=7074"}],"curies":[{"name":"wp","href":"https:\/\/api.w.org\/{rel}","templated":true}]}}