{"id":12833,"date":"2025-05-21T12:50:08","date_gmt":"2025-05-21T13:07:00","guid":{"rendered":"https:\/\/mobles-guell.com\/producto\/composicion-comedor-acabado-roble\/"},"modified":"2025-05-21T13:07:02","modified_gmt":"2025-05-21T13:07:02","slug":"composicion-comedor-acabado-roble","status":"publish","type":"product","link":"https:\/\/mobles-guell.com\/es\/producto\/composicion-comedor-acabado-roble\/","title":{"rendered":"Composici\u00f3n Comedor Acabado Roble"},"content":{"rendered":"<p>[et_pb_section fb_built=\u00bb1&#8243; _builder_version=\u00bb4.16&#8243; custom_padding=\u00bb0px||||false|false\u00bb global_colors_info=\u00bb{}\u00bb][et_pb_row _builder_version=\u00bb4.16&#8243; background_size=\u00bbinitial\u00bb background_position=\u00bbtop_left\u00bb background_repeat=\u00bbrepeat\u00bb width=\u00bb100%\u00bb custom_padding=\u00bb0px||0px||false|false\u00bb global_colors_info=\u00bb{}\u00bb][et_pb_column type=\u00bb4_4&#8243; _builder_version=\u00bb4.16&#8243; custom_padding=\u00bb|||\u00bb global_colors_info=\u00bb{}\u00bb custom_padding__hover=\u00bb|||\u00bb][et_pb_wc_breadcrumb _builder_version=\u00bb4.16&#8243; global_colors_info=\u00bb{}\u00bb][\/et_pb_wc_breadcrumb][et_pb_wc_cart_notice _builder_version=\u00bb4.16&#8243; global_colors_info=\u00bb{}\u00bb][\/et_pb_wc_cart_notice][\/et_pb_column][\/et_pb_row][et_pb_row column_structure=\u00bb1_2,1_2&#8243; _builder_version=\u00bb4.16&#8243; background_size=\u00bbinitial\u00bb background_position=\u00bbtop_left\u00bb background_repeat=\u00bbrepeat\u00bb width=\u00bb100%\u00bb custom_padding=\u00bb0px||||false|false\u00bb global_colors_info=\u00bb{}\u00bb][et_pb_column type=\u00bb1_2&#8243; _builder_version=\u00bb4.16&#8243; custom_padding=\u00bb|||\u00bb global_colors_info=\u00bb{}\u00bb custom_padding__hover=\u00bb|||\u00bb][et_pb_wc_images _builder_version=\u00bb4.16&#8243; global_colors_info=\u00bb{}\u00bb][\/et_pb_wc_images][\/et_pb_column][et_pb_column type=\u00bb1_2&#8243; _builder_version=\u00bb4.16&#8243; custom_padding=\u00bb|||\u00bb global_colors_info=\u00bb{}\u00bb custom_padding__hover=\u00bb|||\u00bb][et_pb_wc_title _builder_version=\u00bb4.16&#8243; global_colors_info=\u00bb{}\u00bb][\/et_pb_wc_title][et_pb_wc_rating _builder_version=\u00bb4.16&#8243; global_colors_info=\u00bb{}\u00bb][\/et_pb_wc_rating][et_pb_wc_price _builder_version=\u00bb4.16&#8243; global_colors_info=\u00bb{}\u00bb][\/et_pb_wc_price][et_pb_wc_description _builder_version=\u00bb4.16&#8243; global_colors_info=\u00bb{}\u00bb][\/et_pb_wc_description][et_pb_button button_url=\u00bbhttps:\/\/mobles-guell.com\/es\/contacto\/\u00bb button_text=\u00bbContactar\u00bb button_alignment=\u00bbleft\u00bb _builder_version=\u00bb4.16&#8243; _module_preset=\u00bbdefault\u00bb custom_button=\u00bbon\u00bb button_bg_color=\u00bb#f3912d\u00bb background_layout=\u00bbdark\u00bb locked=\u00bboff\u00bb global_colors_info=\u00bb{}\u00bb][\/et_pb_button][et_pb_wc_meta _builder_version=\u00bb4.16&#8243; global_colors_info=\u00bb{}\u00bb][\/et_pb_wc_meta][\/et_pb_column][\/et_pb_row][et_pb_row _builder_version=\u00bb4.16&#8243; background_size=\u00bbinitial\u00bb background_position=\u00bbtop_left\u00bb background_repeat=\u00bbrepeat\u00bb width=\u00bb100%\u00bb global_colors_info=\u00bb{}\u00bb][et_pb_column type=\u00bb4_4&#8243; _builder_version=\u00bb4.16&#8243; custom_padding=\u00bb|||\u00bb global_colors_info=\u00bb{}\u00bb custom_padding__hover=\u00bb|||\u00bb][et_pb_wc_upsells _builder_version=\u00bb4.16&#8243; global_colors_info=\u00bb{}\u00bb][\/et_pb_wc_upsells][et_pb_wc_related_products _builder_version=\u00bb4.16&#8243; global_colors_info=\u00bb{}\u00bb][\/et_pb_wc_related_products][\/et_pb_column][\/et_pb_row][\/et_pb_section]<\/p>\n","protected":false},"excerpt":{"rendered":"<div class=\"page\" title=\"Page 1\">\n<div class=\"layoutArea\">\n<div class=\"column\">\n<div class=\"page\" title=\"Page 3\">\n<div class=\"layoutArea\">\n<div class=\"column\">\n<p><span style=\"font-weight: 400;\">Composici\u00f3n recta de puertas abatibles, con 2 cajones y frontal de cristal, con tama\u00f1o total de 225x40x44 cm de fondo. Acabado con Chapa de Roble natural y el interior de los cajones color roble y suelo.<\/span><\/p>\n<p>Transporte, montaje e IVA incluido.<\/p>\n<\/div>\n<\/div>\n<\/div>\n<\/div>\n<\/div>\n<\/div>\n","protected":false},"featured_media":12830,"comment_status":"open","ping_status":"closed","template":"","meta":{"_et_pb_use_builder":"on","_et_pb_old_content":"<div class=\"page\" title=\"Page 1\">\n<div class=\"layoutArea\">\n<div class=\"column\">\n<div class=\"page\" title=\"Page 3\">\n<div class=\"layoutArea\">\n<div class=\"column\">\n\n<span style=\"font-weight: 400\">Composici\u00f3n recta de puertas abatibles, con 2 cajones y frontal de cristal, con tama\u00f1o total de 225x40x44 cm de fondo. Acabado con Chapa de Roble natural y el interior de los cajones color roble y suelo.<\/span>\n\nSKU: 161\n\nEste mueble lo encontrar\u00e1 en <a href=\"https:\/\/mobles-guell.com\/\"><strong>Mobles G\u00fcell<\/strong><\/a>\n\n<\/div>\n<\/div>\n<\/div>\n<\/div>\n<\/div>\n<\/div>","_et_gb_content_width":"","inline_featured_image":false,"_joinchat":[]},"product_brand":[],"product_cat":[107],"product_tag":[],"class_list":{"0":"post-12833","1":"product","2":"type-product","3":"status-publish","4":"has-post-thumbnail","6":"product_cat-mobles-de-comedor","8":"first","9":"instock","10":"sale","11":"shipping-taxable","12":"purchasable","13":"product-type-simple"},"yoast_head":"<!-- This site is optimized with the Yoast SEO plugin v25.8 - https:\/\/yoast.com\/wordpress\/plugins\/seo\/ -->\n<title>Composici\u00f3n Comedor Acabado Roble Al 50% dto. - Muebles G\u00fcell<\/title>\n<meta name=\"description\" content=\"Consigue la composici\u00f3n comedor reci\u00e9n roble al 50% de descuento. Las mejores marcas de muebles y sof\u00e1s al mejor precio en Mobles G\u00fcell.\" \/>\n<meta name=\"robots\" content=\"index, follow, max-snippet:-1, max-image-preview:large, max-video-preview:-1\" \/>\n<link rel=\"canonical\" href=\"https:\/\/mobles-guell.com\/es\/producto\/composicion-comedor-acabado-roble\/\" \/>\n<meta property=\"og:locale\" content=\"es_ES\" \/>\n<meta property=\"og:type\" content=\"article\" \/>\n<meta property=\"og:title\" content=\"Composici\u00f3n Comedor Acabado Roble Al 50% dto. - Muebles G\u00fcell\" \/>\n<meta property=\"og:description\" content=\"Consigue la composici\u00f3n comedor reci\u00e9n roble al 50% de descuento. Las mejores marcas de muebles y sof\u00e1s al mejor precio en Mobles G\u00fcell.\" \/>\n<meta property=\"og:url\" content=\"https:\/\/mobles-guell.com\/es\/producto\/composicion-comedor-acabado-roble\/\" \/>\n<meta property=\"og:site_name\" content=\"Mobles Guell\" \/>\n<meta property=\"article:modified_time\" content=\"2025-05-21T13:07:02+00:00\" \/>\n<meta property=\"og:image\" content=\"https:\/\/mobles-guell.com\/wp-content\/uploads\/2025\/05\/IMG_8620.webp\" \/>\n\t<meta property=\"og:image:width\" content=\"1050\" \/>\n\t<meta property=\"og:image:height\" content=\"1400\" \/>\n\t<meta property=\"og:image:type\" content=\"image\/webp\" \/>\n<meta name=\"twitter:card\" content=\"summary_large_image\" \/>\n<meta name=\"twitter:label1\" content=\"Tiempo de lectura\" \/>\n\t<meta name=\"twitter:data1\" content=\"2 minutos\" \/>\n<script type=\"application\/ld+json\" class=\"yoast-schema-graph\">{\"@context\":\"https:\/\/schema.org\",\"@graph\":[{\"@type\":\"WebPage\",\"@id\":\"https:\/\/mobles-guell.com\/es\/producto\/composicion-comedor-acabado-roble\/\",\"url\":\"https:\/\/mobles-guell.com\/es\/producto\/composicion-comedor-acabado-roble\/\",\"name\":\"Composici\u00f3n Comedor Acabado Roble Al 50% dto. - Muebles G\u00fcell\",\"isPartOf\":{\"@id\":\"https:\/\/mobles-guell.com\/es\/#website\"},\"primaryImageOfPage\":{\"@id\":\"https:\/\/mobles-guell.com\/es\/producto\/composicion-comedor-acabado-roble\/#primaryimage\"},\"image\":{\"@id\":\"https:\/\/mobles-guell.com\/es\/producto\/composicion-comedor-acabado-roble\/#primaryimage\"},\"thumbnailUrl\":\"https:\/\/mobles-guell.com\/wp-content\/uploads\/2025\/05\/IMG_8620.webp\",\"datePublished\":\"2025-05-21T13:07:00+00:00\",\"dateModified\":\"2025-05-21T13:07:02+00:00\",\"description\":\"Consigue la composici\u00f3n comedor reci\u00e9n roble al 50% de descuento. Las mejores marcas de muebles y sof\u00e1s al mejor precio en Mobles G\u00fcell.\",\"breadcrumb\":{\"@id\":\"https:\/\/mobles-guell.com\/es\/producto\/composicion-comedor-acabado-roble\/#breadcrumb\"},\"inLanguage\":\"es\",\"potentialAction\":[{\"@type\":\"ReadAction\",\"target\":[\"https:\/\/mobles-guell.com\/es\/producto\/composicion-comedor-acabado-roble\/\"]}]},{\"@type\":\"ImageObject\",\"inLanguage\":\"es\",\"@id\":\"https:\/\/mobles-guell.com\/es\/producto\/composicion-comedor-acabado-roble\/#primaryimage\",\"url\":\"https:\/\/mobles-guell.com\/wp-content\/uploads\/2025\/05\/IMG_8620.webp\",\"contentUrl\":\"https:\/\/mobles-guell.com\/wp-content\/uploads\/2025\/05\/IMG_8620.webp\",\"width\":1050,\"height\":1400,\"caption\":\"Composici\u00f3 Menjador Acabat Roure\"},{\"@type\":\"BreadcrumbList\",\"@id\":\"https:\/\/mobles-guell.com\/es\/producto\/composicion-comedor-acabado-roble\/#breadcrumb\",\"itemListElement\":[{\"@type\":\"ListItem\",\"position\":1,\"name\":\"Portada\",\"item\":\"https:\/\/mobles-guell.com\/\"},{\"@type\":\"ListItem\",\"position\":2,\"name\":\"Tienda online\",\"item\":\"https:\/\/mobles-guell.com\/mobles-50-per-cent-descompte\/\"},{\"@type\":\"ListItem\",\"position\":3,\"name\":\"Composici\u00f3n Comedor Acabado Roble\"}]},{\"@type\":\"WebSite\",\"@id\":\"https:\/\/mobles-guell.com\/es\/#website\",\"url\":\"https:\/\/mobles-guell.com\/es\/\",\"name\":\"Mobles Guell\",\"description\":\"Els millors Mobles a Tarragona\",\"potentialAction\":[{\"@type\":\"SearchAction\",\"target\":{\"@type\":\"EntryPoint\",\"urlTemplate\":\"https:\/\/mobles-guell.com\/es\/?s={search_term_string}\"},\"query-input\":{\"@type\":\"PropertyValueSpecification\",\"valueRequired\":true,\"valueName\":\"search_term_string\"}}],\"inLanguage\":\"es\"}]}<\/script>\n<!-- \/ Yoast SEO plugin. -->","yoast_head_json":{"title":"Composici\u00f3n Comedor Acabado Roble Al 50% dto. - Muebles G\u00fcell","description":"Consigue la composici\u00f3n comedor reci\u00e9n roble al 50% de descuento. Las mejores marcas de muebles y sof\u00e1s al mejor precio en Mobles G\u00fcell.","robots":{"index":"index","follow":"follow","max-snippet":"max-snippet:-1","max-image-preview":"max-image-preview:large","max-video-preview":"max-video-preview:-1"},"canonical":"https:\/\/mobles-guell.com\/es\/producto\/composicion-comedor-acabado-roble\/","og_locale":"es_ES","og_type":"article","og_title":"Composici\u00f3n Comedor Acabado Roble Al 50% dto. - Muebles G\u00fcell","og_description":"Consigue la composici\u00f3n comedor reci\u00e9n roble al 50% de descuento. Las mejores marcas de muebles y sof\u00e1s al mejor precio en Mobles G\u00fcell.","og_url":"https:\/\/mobles-guell.com\/es\/producto\/composicion-comedor-acabado-roble\/","og_site_name":"Mobles Guell","article_modified_time":"2025-05-21T13:07:02+00:00","og_image":[{"width":1050,"height":1400,"url":"https:\/\/mobles-guell.com\/wp-content\/uploads\/2025\/05\/IMG_8620.webp","type":"image\/webp"}],"twitter_card":"summary_large_image","twitter_misc":{"Tiempo de lectura":"2 minutos"},"schema":{"@context":"https:\/\/schema.org","@graph":[{"@type":"WebPage","@id":"https:\/\/mobles-guell.com\/es\/producto\/composicion-comedor-acabado-roble\/","url":"https:\/\/mobles-guell.com\/es\/producto\/composicion-comedor-acabado-roble\/","name":"Composici\u00f3n Comedor Acabado Roble Al 50% dto. - Muebles G\u00fcell","isPartOf":{"@id":"https:\/\/mobles-guell.com\/es\/#website"},"primaryImageOfPage":{"@id":"https:\/\/mobles-guell.com\/es\/producto\/composicion-comedor-acabado-roble\/#primaryimage"},"image":{"@id":"https:\/\/mobles-guell.com\/es\/producto\/composicion-comedor-acabado-roble\/#primaryimage"},"thumbnailUrl":"https:\/\/mobles-guell.com\/wp-content\/uploads\/2025\/05\/IMG_8620.webp","datePublished":"2025-05-21T13:07:00+00:00","dateModified":"2025-05-21T13:07:02+00:00","description":"Consigue la composici\u00f3n comedor reci\u00e9n roble al 50% de descuento. Las mejores marcas de muebles y sof\u00e1s al mejor precio en Mobles G\u00fcell.","breadcrumb":{"@id":"https:\/\/mobles-guell.com\/es\/producto\/composicion-comedor-acabado-roble\/#breadcrumb"},"inLanguage":"es","potentialAction":[{"@type":"ReadAction","target":["https:\/\/mobles-guell.com\/es\/producto\/composicion-comedor-acabado-roble\/"]}]},{"@type":"ImageObject","inLanguage":"es","@id":"https:\/\/mobles-guell.com\/es\/producto\/composicion-comedor-acabado-roble\/#primaryimage","url":"https:\/\/mobles-guell.com\/wp-content\/uploads\/2025\/05\/IMG_8620.webp","contentUrl":"https:\/\/mobles-guell.com\/wp-content\/uploads\/2025\/05\/IMG_8620.webp","width":1050,"height":1400,"caption":"Composici\u00f3 Menjador Acabat Roure"},{"@type":"BreadcrumbList","@id":"https:\/\/mobles-guell.com\/es\/producto\/composicion-comedor-acabado-roble\/#breadcrumb","itemListElement":[{"@type":"ListItem","position":1,"name":"Portada","item":"https:\/\/mobles-guell.com\/"},{"@type":"ListItem","position":2,"name":"Tienda online","item":"https:\/\/mobles-guell.com\/mobles-50-per-cent-descompte\/"},{"@type":"ListItem","position":3,"name":"Composici\u00f3n Comedor Acabado Roble"}]},{"@type":"WebSite","@id":"https:\/\/mobles-guell.com\/es\/#website","url":"https:\/\/mobles-guell.com\/es\/","name":"Mobles Guell","description":"Els millors Mobles a Tarragona","potentialAction":[{"@type":"SearchAction","target":{"@type":"EntryPoint","urlTemplate":"https:\/\/mobles-guell.com\/es\/?s={search_term_string}"},"query-input":{"@type":"PropertyValueSpecification","valueRequired":true,"valueName":"search_term_string"}}],"inLanguage":"es"}]}},"_links":{"self":[{"href":"https:\/\/mobles-guell.com\/es\/wp-json\/wp\/v2\/product\/12833","targetHints":{"allow":["GET"]}}],"collection":[{"href":"https:\/\/mobles-guell.com\/es\/wp-json\/wp\/v2\/product"}],"about":[{"href":"https:\/\/mobles-guell.com\/es\/wp-json\/wp\/v2\/types\/product"}],"replies":[{"embeddable":true,"href":"https:\/\/mobles-guell.com\/es\/wp-json\/wp\/v2\/comments?post=12833"}],"wp:featuredmedia":[{"embeddable":true,"href":"https:\/\/mobles-guell.com\/es\/wp-json\/wp\/v2\/media\/12830"}],"wp:attachment":[{"href":"https:\/\/mobles-guell.com\/es\/wp-json\/wp\/v2\/media?parent=12833"}],"wp:term":[{"taxonomy":"product_brand","embeddable":true,"href":"https:\/\/mobles-guell.com\/es\/wp-json\/wp\/v2\/product_brand?post=12833"},{"taxonomy":"product_cat","embeddable":true,"href":"https:\/\/mobles-guell.com\/es\/wp-json\/wp\/v2\/product_cat?post=12833"},{"taxonomy":"product_tag","embeddable":true,"href":"https:\/\/mobles-guell.com\/es\/wp-json\/wp\/v2\/product_tag?post=12833"}],"curies":[{"name":"wp","href":"https:\/\/api.w.org\/{rel}","templated":true}]}}