{"id":9445,"date":"2023-08-24T07:39:58","date_gmt":"2023-08-24T07:39:58","guid":{"rendered":"https:\/\/mobles-guell.com\/?post_type=product&#038;p=9445"},"modified":"2023-08-24T08:06:55","modified_gmt":"2023-08-24T08:06:55","slug":"recibidor-de-modulos-colgados","status":"publish","type":"product","link":"https:\/\/mobles-guell.com\/es\/producto\/recibidor-de-modulos-colgados\/","title":{"rendered":"Recibidor de m\u00f3dulos colgados"},"content":{"rendered":"<p>[et_pb_section fb_built=\u00bb1&#8243; _builder_version=\u00bb4.16&#8243; custom_padding=\u00bb0px||||false|false\u00bb global_colors_info=\u00bb{}\u00bb][et_pb_row _builder_version=\u00bb4.16&#8243; background_size=\u00bbinitial\u00bb background_position=\u00bbtop_left\u00bb background_repeat=\u00bbrepeat\u00bb width=\u00bb100%\u00bb custom_padding=\u00bb0px||0px||false|false\u00bb global_colors_info=\u00bb{}\u00bb][et_pb_column type=\u00bb4_4&#8243; _builder_version=\u00bb4.16&#8243; custom_padding=\u00bb|||\u00bb global_colors_info=\u00bb{}\u00bb custom_padding__hover=\u00bb|||\u00bb][et_pb_wc_breadcrumb _builder_version=\u00bb4.16&#8243; global_colors_info=\u00bb{}\u00bb][\/et_pb_wc_breadcrumb][et_pb_wc_cart_notice _builder_version=\u00bb4.16&#8243; global_colors_info=\u00bb{}\u00bb][\/et_pb_wc_cart_notice][\/et_pb_column][\/et_pb_row][et_pb_row column_structure=\u00bb1_2,1_2&#8243; _builder_version=\u00bb4.16&#8243; background_size=\u00bbinitial\u00bb background_position=\u00bbtop_left\u00bb background_repeat=\u00bbrepeat\u00bb width=\u00bb100%\u00bb custom_padding=\u00bb0px||||false|false\u00bb global_colors_info=\u00bb{}\u00bb][et_pb_column type=\u00bb1_2&#8243; _builder_version=\u00bb4.16&#8243; custom_padding=\u00bb|||\u00bb global_colors_info=\u00bb{}\u00bb custom_padding__hover=\u00bb|||\u00bb][et_pb_wc_images _builder_version=\u00bb4.16&#8243; global_colors_info=\u00bb{}\u00bb][\/et_pb_wc_images][\/et_pb_column][et_pb_column type=\u00bb1_2&#8243; _builder_version=\u00bb4.16&#8243; custom_padding=\u00bb|||\u00bb global_colors_info=\u00bb{}\u00bb custom_padding__hover=\u00bb|||\u00bb][et_pb_wc_title _builder_version=\u00bb4.16&#8243; global_colors_info=\u00bb{}\u00bb][\/et_pb_wc_title][et_pb_wc_rating _builder_version=\u00bb4.16&#8243; global_colors_info=\u00bb{}\u00bb][\/et_pb_wc_rating][et_pb_wc_price _builder_version=\u00bb4.16&#8243; global_colors_info=\u00bb{}\u00bb][\/et_pb_wc_price][et_pb_wc_description _builder_version=\u00bb4.16&#8243; global_colors_info=\u00bb{}\u00bb][\/et_pb_wc_description][et_pb_button button_url=\u00bbhttps:\/\/mobles-guell.com\/es\/contacto\/\u00bb button_text=\u00bbContactar\u00bb button_alignment=\u00bbleft\u00bb _builder_version=\u00bb4.16&#8243; _module_preset=\u00bbdefault\u00bb custom_button=\u00bbon\u00bb button_bg_color=\u00bb#f3912d\u00bb background_layout=\u00bbdark\u00bb locked=\u00bboff\u00bb global_colors_info=\u00bb{}\u00bb][\/et_pb_button][et_pb_wc_meta _builder_version=\u00bb4.16&#8243; global_colors_info=\u00bb{}\u00bb][\/et_pb_wc_meta][\/et_pb_column][\/et_pb_row][et_pb_row _builder_version=\u00bb4.16&#8243; background_size=\u00bbinitial\u00bb background_position=\u00bbtop_left\u00bb background_repeat=\u00bbrepeat\u00bb width=\u00bb100%\u00bb global_colors_info=\u00bb{}\u00bb][et_pb_column type=\u00bb4_4&#8243; _builder_version=\u00bb4.16&#8243; custom_padding=\u00bb|||\u00bb global_colors_info=\u00bb{}\u00bb custom_padding__hover=\u00bb|||\u00bb][et_pb_wc_tabs _builder_version=\u00bb4.16&#8243; global_colors_info=\u00bb{}\u00bb]\t\t\t\t\t[\/et_pb_wc_tabs][et_pb_wc_upsells _builder_version=\u00bb4.16&#8243; global_colors_info=\u00bb{}\u00bb][\/et_pb_wc_upsells][et_pb_wc_related_products _builder_version=\u00bb4.16&#8243; global_colors_info=\u00bb{}\u00bb][\/et_pb_wc_related_products][\/et_pb_column][\/et_pb_row][\/et_pb_section]<\/p>\n","protected":false},"excerpt":{"rendered":"<p>Recibidor de m\u00f3dulos colgados de 2,35 cm de largo.<\/p>\n<p>Transporte, montaje e IVA incluido.<\/p>\n","protected":false},"featured_media":10038,"comment_status":"open","ping_status":"closed","template":"","meta":{"_et_pb_use_builder":"on","_et_pb_old_content":"Formato por 1 m\u00f3dulo di\u00e1fano de <span class=\"hiddenSpellError\">80x35x25<\/span> acabado en chapa natural de roble, 2 m\u00f3dulos cuadrados con puerta de <span class=\"hiddenSpellError\">60x60x35<\/span> acabados en laca cactus y 1 m\u00f3dulo de 1 puerta vertical de <span class=\"hiddenSpellError\">35x85x40<\/span> acabado en laca <span class=\"hiddenSpellError\">camel<\/span>.\r\n\r\nSeg\u00fan el espacio disponible se pueden hacer diferentes dise\u00f1os, puesto que sus elementos individuales.\r\n\r\nSKU: 602 - 137","_et_gb_content_width":"","inline_featured_image":false,"_joinchat":[]},"product_brand":[],"product_cat":[111],"product_tag":[],"class_list":{"0":"post-9445","1":"product","2":"type-product","3":"status-publish","4":"has-post-thumbnail","6":"product_cat-recibidores","8":"first","9":"instock","10":"sale","11":"shipping-taxable","12":"purchasable","13":"product-type-simple"},"yoast_head":"<!-- This site is optimized with the Yoast SEO plugin v25.8 - https:\/\/yoast.com\/wordpress\/plugins\/seo\/ -->\n<title>Recibidor de m\u00f3dulos colgados | Al 50% dto.- Mobles Guell<\/title>\n<meta name=\"description\" content=\"Consigue un recibidor de m\u00f3dulos colgados, al 50% de descuento. Las mejores marcas de muebles al mejor precio en Mobles G\u00fcell.\" \/>\n<meta name=\"robots\" content=\"index, follow, max-snippet:-1, max-image-preview:large, max-video-preview:-1\" \/>\n<link rel=\"canonical\" href=\"https:\/\/www.mobles-guell.com\/es\/producto\/recibidor-de-modulos-colgados\/\" \/>\n<meta property=\"og:locale\" content=\"es_ES\" \/>\n<meta property=\"og:type\" content=\"article\" \/>\n<meta property=\"og:title\" content=\"Recibidor de m\u00f3dulos colgados | Al 50% dto.- Mobles Guell\" \/>\n<meta property=\"og:description\" content=\"Consigue un recibidor de m\u00f3dulos colgados, al 50% de descuento. Las mejores marcas de muebles al mejor precio en Mobles G\u00fcell.\" \/>\n<meta property=\"og:url\" content=\"https:\/\/www.mobles-guell.com\/es\/producto\/recibidor-de-modulos-colgados\/\" \/>\n<meta property=\"og:site_name\" content=\"Mobles Guell\" \/>\n<meta property=\"article:modified_time\" content=\"2023-08-24T08:06:55+00:00\" \/>\n<meta property=\"og:image\" content=\"https:\/\/www.mobles-guell.com\/wp-content\/uploads\/2023\/08\/MG-50-578.webp\" \/>\n\t<meta property=\"og:image:width\" content=\"701\" \/>\n\t<meta property=\"og:image:height\" content=\"1050\" \/>\n\t<meta property=\"og:image:type\" content=\"image\/webp\" \/>\n<meta name=\"twitter:card\" content=\"summary_large_image\" \/>\n<meta name=\"twitter:label1\" content=\"Tiempo de lectura\" \/>\n\t<meta name=\"twitter:data1\" content=\"1 minuto\" \/>\n<script type=\"application\/ld+json\" class=\"yoast-schema-graph\">{\"@context\":\"https:\/\/schema.org\",\"@graph\":[{\"@type\":\"WebPage\",\"@id\":\"https:\/\/www.mobles-guell.com\/es\/producto\/recibidor-de-modulos-colgados\/\",\"url\":\"https:\/\/www.mobles-guell.com\/es\/producto\/recibidor-de-modulos-colgados\/\",\"name\":\"Recibidor de m\u00f3dulos colgados | Al 50% dto.- Mobles Guell\",\"isPartOf\":{\"@id\":\"https:\/\/mobles-guell.com\/es\/#website\"},\"primaryImageOfPage\":{\"@id\":\"https:\/\/www.mobles-guell.com\/es\/producto\/recibidor-de-modulos-colgados\/#primaryimage\"},\"image\":{\"@id\":\"https:\/\/www.mobles-guell.com\/es\/producto\/recibidor-de-modulos-colgados\/#primaryimage\"},\"thumbnailUrl\":\"https:\/\/mobles-guell.com\/wp-content\/uploads\/2023\/08\/MG-50-578.webp\",\"datePublished\":\"2023-08-24T07:39:58+00:00\",\"dateModified\":\"2023-08-24T08:06:55+00:00\",\"description\":\"Consigue un recibidor de m\u00f3dulos colgados, al 50% de descuento. Las mejores marcas de muebles al mejor precio en Mobles G\u00fcell.\",\"breadcrumb\":{\"@id\":\"https:\/\/www.mobles-guell.com\/es\/producto\/recibidor-de-modulos-colgados\/#breadcrumb\"},\"inLanguage\":\"es\",\"potentialAction\":[{\"@type\":\"ReadAction\",\"target\":[\"https:\/\/www.mobles-guell.com\/es\/producto\/recibidor-de-modulos-colgados\/\"]}]},{\"@type\":\"ImageObject\",\"inLanguage\":\"es\",\"@id\":\"https:\/\/www.mobles-guell.com\/es\/producto\/recibidor-de-modulos-colgados\/#primaryimage\",\"url\":\"https:\/\/mobles-guell.com\/wp-content\/uploads\/2023\/08\/MG-50-578.webp\",\"contentUrl\":\"https:\/\/mobles-guell.com\/wp-content\/uploads\/2023\/08\/MG-50-578.webp\",\"width\":701,\"height\":1050,\"caption\":\"Rebedor de m\u00f2duls penjats\"},{\"@type\":\"BreadcrumbList\",\"@id\":\"https:\/\/www.mobles-guell.com\/es\/producto\/recibidor-de-modulos-colgados\/#breadcrumb\",\"itemListElement\":[{\"@type\":\"ListItem\",\"position\":1,\"name\":\"Portada\",\"item\":\"https:\/\/mobles-guell.com\/\"},{\"@type\":\"ListItem\",\"position\":2,\"name\":\"Tienda online\",\"item\":\"https:\/\/mobles-guell.com\/mobles-50-per-cent-descompte\/\"},{\"@type\":\"ListItem\",\"position\":3,\"name\":\"Recibidor de m\u00f3dulos colgados\"}]},{\"@type\":\"WebSite\",\"@id\":\"https:\/\/mobles-guell.com\/es\/#website\",\"url\":\"https:\/\/mobles-guell.com\/es\/\",\"name\":\"Mobles Guell\",\"description\":\"Els millors Mobles a Tarragona\",\"potentialAction\":[{\"@type\":\"SearchAction\",\"target\":{\"@type\":\"EntryPoint\",\"urlTemplate\":\"https:\/\/mobles-guell.com\/es\/?s={search_term_string}\"},\"query-input\":{\"@type\":\"PropertyValueSpecification\",\"valueRequired\":true,\"valueName\":\"search_term_string\"}}],\"inLanguage\":\"es\"}]}<\/script>\n<!-- \/ Yoast SEO plugin. -->","yoast_head_json":{"title":"Recibidor de m\u00f3dulos colgados | Al 50% dto.- Mobles Guell","description":"Consigue un recibidor de m\u00f3dulos colgados, al 50% de descuento. Las mejores marcas de muebles al mejor precio en Mobles G\u00fcell.","robots":{"index":"index","follow":"follow","max-snippet":"max-snippet:-1","max-image-preview":"max-image-preview:large","max-video-preview":"max-video-preview:-1"},"canonical":"https:\/\/www.mobles-guell.com\/es\/producto\/recibidor-de-modulos-colgados\/","og_locale":"es_ES","og_type":"article","og_title":"Recibidor de m\u00f3dulos colgados | Al 50% dto.- Mobles Guell","og_description":"Consigue un recibidor de m\u00f3dulos colgados, al 50% de descuento. Las mejores marcas de muebles al mejor precio en Mobles G\u00fcell.","og_url":"https:\/\/www.mobles-guell.com\/es\/producto\/recibidor-de-modulos-colgados\/","og_site_name":"Mobles Guell","article_modified_time":"2023-08-24T08:06:55+00:00","og_image":[{"width":701,"height":1050,"url":"https:\/\/www.mobles-guell.com\/wp-content\/uploads\/2023\/08\/MG-50-578.webp","type":"image\/webp"}],"twitter_card":"summary_large_image","twitter_misc":{"Tiempo de lectura":"1 minuto"},"schema":{"@context":"https:\/\/schema.org","@graph":[{"@type":"WebPage","@id":"https:\/\/www.mobles-guell.com\/es\/producto\/recibidor-de-modulos-colgados\/","url":"https:\/\/www.mobles-guell.com\/es\/producto\/recibidor-de-modulos-colgados\/","name":"Recibidor de m\u00f3dulos colgados | Al 50% dto.- Mobles Guell","isPartOf":{"@id":"https:\/\/mobles-guell.com\/es\/#website"},"primaryImageOfPage":{"@id":"https:\/\/www.mobles-guell.com\/es\/producto\/recibidor-de-modulos-colgados\/#primaryimage"},"image":{"@id":"https:\/\/www.mobles-guell.com\/es\/producto\/recibidor-de-modulos-colgados\/#primaryimage"},"thumbnailUrl":"https:\/\/mobles-guell.com\/wp-content\/uploads\/2023\/08\/MG-50-578.webp","datePublished":"2023-08-24T07:39:58+00:00","dateModified":"2023-08-24T08:06:55+00:00","description":"Consigue un recibidor de m\u00f3dulos colgados, al 50% de descuento. Las mejores marcas de muebles al mejor precio en Mobles G\u00fcell.","breadcrumb":{"@id":"https:\/\/www.mobles-guell.com\/es\/producto\/recibidor-de-modulos-colgados\/#breadcrumb"},"inLanguage":"es","potentialAction":[{"@type":"ReadAction","target":["https:\/\/www.mobles-guell.com\/es\/producto\/recibidor-de-modulos-colgados\/"]}]},{"@type":"ImageObject","inLanguage":"es","@id":"https:\/\/www.mobles-guell.com\/es\/producto\/recibidor-de-modulos-colgados\/#primaryimage","url":"https:\/\/mobles-guell.com\/wp-content\/uploads\/2023\/08\/MG-50-578.webp","contentUrl":"https:\/\/mobles-guell.com\/wp-content\/uploads\/2023\/08\/MG-50-578.webp","width":701,"height":1050,"caption":"Rebedor de m\u00f2duls penjats"},{"@type":"BreadcrumbList","@id":"https:\/\/www.mobles-guell.com\/es\/producto\/recibidor-de-modulos-colgados\/#breadcrumb","itemListElement":[{"@type":"ListItem","position":1,"name":"Portada","item":"https:\/\/mobles-guell.com\/"},{"@type":"ListItem","position":2,"name":"Tienda online","item":"https:\/\/mobles-guell.com\/mobles-50-per-cent-descompte\/"},{"@type":"ListItem","position":3,"name":"Recibidor de m\u00f3dulos colgados"}]},{"@type":"WebSite","@id":"https:\/\/mobles-guell.com\/es\/#website","url":"https:\/\/mobles-guell.com\/es\/","name":"Mobles Guell","description":"Els millors Mobles a Tarragona","potentialAction":[{"@type":"SearchAction","target":{"@type":"EntryPoint","urlTemplate":"https:\/\/mobles-guell.com\/es\/?s={search_term_string}"},"query-input":{"@type":"PropertyValueSpecification","valueRequired":true,"valueName":"search_term_string"}}],"inLanguage":"es"}]}},"_links":{"self":[{"href":"https:\/\/mobles-guell.com\/es\/wp-json\/wp\/v2\/product\/9445","targetHints":{"allow":["GET"]}}],"collection":[{"href":"https:\/\/mobles-guell.com\/es\/wp-json\/wp\/v2\/product"}],"about":[{"href":"https:\/\/mobles-guell.com\/es\/wp-json\/wp\/v2\/types\/product"}],"replies":[{"embeddable":true,"href":"https:\/\/mobles-guell.com\/es\/wp-json\/wp\/v2\/comments?post=9445"}],"wp:featuredmedia":[{"embeddable":true,"href":"https:\/\/mobles-guell.com\/es\/wp-json\/wp\/v2\/media\/10038"}],"wp:attachment":[{"href":"https:\/\/mobles-guell.com\/es\/wp-json\/wp\/v2\/media?parent=9445"}],"wp:term":[{"taxonomy":"product_brand","embeddable":true,"href":"https:\/\/mobles-guell.com\/es\/wp-json\/wp\/v2\/product_brand?post=9445"},{"taxonomy":"product_cat","embeddable":true,"href":"https:\/\/mobles-guell.com\/es\/wp-json\/wp\/v2\/product_cat?post=9445"},{"taxonomy":"product_tag","embeddable":true,"href":"https:\/\/mobles-guell.com\/es\/wp-json\/wp\/v2\/product_tag?post=9445"}],"curies":[{"name":"wp","href":"https:\/\/api.w.org\/{rel}","templated":true}]}}